{"id":81,"date":"2025-04-15T11:40:34","date_gmt":"2025-04-15T09:40:34","guid":{"rendered":"https:\/\/sandrinesaiah.com\/?page_id=81"},"modified":"2025-05-26T21:19:59","modified_gmt":"2025-05-26T19:19:59","slug":"presentation","status":"publish","type":"page","link":"https:\/\/sandrinesaiah.com\/index.php\/presentation\/","title":{"rendered":"Pr\u00e9sentation"},"content":{"rendered":"\t\t<div data-elementor-type=\"wp-page\" data-elementor-id=\"81\" class=\"elementor elementor-81\" data-elementor-post-type=\"page\">\n\t\t\t\t<div class=\"elementor-element elementor-element-799c9e0 e-con-full e-flex e-con e-parent\" data-id=\"799c9e0\" data-element_type=\"container\" data-e-type=\"container\">\n\t\t\t\t<div class=\"elementor-element elementor-element-418d99f elementor--h-position-center elementor--v-position-middle elementor-arrows-position-inside elementor-widget elementor-widget-slides\" data-id=\"418d99f\" data-element_type=\"widget\" data-e-type=\"widget\" data-settings=\"{&quot;navigation&quot;:&quot;arrows&quot;,&quot;autoplay&quot;:&quot;yes&quot;,&quot;pause_on_hover&quot;:&quot;yes&quot;,&quot;pause_on_interaction&quot;:&quot;yes&quot;,&quot;autoplay_speed&quot;:5000,&quot;infinite&quot;:&quot;yes&quot;,&quot;transition&quot;:&quot;slide&quot;,&quot;transition_speed&quot;:500}\" data-widget_type=\"slides.default\">\n\t\t\t\t<div class=\"elementor-widget-container\">\n\t\t\t\t\t\t\t\t\t<div class=\"elementor-swiper\">\n\t\t\t\t\t<div class=\"elementor-slides-wrapper elementor-main-swiper swiper\" role=\"region\" aria-roledescription=\"carousel\" aria-label=\"Slides\" dir=\"ltr\" data-animation=\"fadeInUp\">\n\t\t\t\t<div class=\"swiper-wrapper elementor-slides\">\n\t\t\t\t\t\t\t\t\t\t<div class=\"elementor-repeater-item-ce0279b swiper-slide\" role=\"group\" aria-roledescription=\"slide\"><div class=\"swiper-slide-bg\" role=\"img\" aria-label=\"sandrine_saiah-portrait-site2025\"><\/div><div class=\"swiper-slide-inner\" ><div class=\"swiper-slide-contents\"><\/div><\/div><\/div>\t\t\t\t<\/div>\n\t\t\t\t\t\t\t<\/div>\n\t\t\t\t<\/div>\n\t\t\t\t\t\t\t\t<\/div>\n\t\t\t\t<\/div>\n\t\t\t\t<\/div>\n\t\t<div class=\"elementor-element elementor-element-4b859b0 e-con-full e-flex e-con e-parent\" data-id=\"4b859b0\" data-element_type=\"container\" data-e-type=\"container\">\n\t\t\t\t<div class=\"elementor-element elementor-element-6f3a104 elementor-widget elementor-widget-heading\" data-id=\"6f3a104\" data-element_type=\"widget\" data-e-type=\"widget\" data-widget_type=\"heading.default\">\n\t\t\t\t<div class=\"elementor-widget-container\">\n\t\t\t\t\t<h2 class=\"elementor-heading-title elementor-size-default\">Pr\u00e9sentation<\/h2>\t\t\t\t<\/div>\n\t\t\t\t<\/div>\n\t\t\t\t<div class=\"elementor-element elementor-element-842dd2d elementor-widget-divider--view-line elementor-widget elementor-widget-divider\" data-id=\"842dd2d\" data-element_type=\"widget\" data-e-type=\"widget\" data-widget_type=\"divider.default\">\n\t\t\t\t<div class=\"elementor-widget-container\">\n\t\t\t\t\t\t\t<div class=\"elementor-divider\">\n\t\t\t<span class=\"elementor-divider-separator\">\n\t\t\t\t\t\t<\/span>\n\t\t<\/div>\n\t\t\t\t\t\t<\/div>\n\t\t\t\t<\/div>\n\t\t\t\t<div class=\"elementor-element elementor-element-75ebb01 elementor-widget elementor-widget-text-editor\" data-id=\"75ebb01\" data-element_type=\"widget\" data-e-type=\"widget\" data-widget_type=\"text-editor.default\">\n\t\t\t\t<div class=\"elementor-widget-container\">\n\t\t\t\t\t\t\t\t\t<p>Ma pratique artistique des arts visuels porte sur le th\u00e8me des fronti\u00e8res du corps.<\/p><p>Ce sujet r\u00e9pond a\u0300 mon int\u00e9r\u00eat pour le corps et pour l\u2019anthropologie, le corps en tant qu\u2019objet tridimensionnel, en tant que membrane plastique, caisse de r\u00e9sonance avec le milieu et l\u2019anthropologie en tant que discipline qui envisage une diversit\u00e9 de liens au monde, de rapports a\u0300 l\u2019autre et qui observe les mutations de notre humanit\u00e9.<\/p><p>Avec la conversion num\u00e9rique, engag\u00e9e depuis 30 ans, je me suis concentr\u00e9e plus pr\u00e9cis\u00e9ment sur la notion de \u00ab l\u2019entre \u00bb sachant que le r\u00e9agencement du monde physique dans l\u2019espace num\u00e9rique bouge les lignes, les espacements et la nature des liens.<\/p><p>En offrant cette \u00e9chapp\u00e9e possible a\u0300 travers tout \u00e9cran, la mod\u00e9lisation num\u00e9rique du monde conditionne une posture bancale d\u2019un entre-deux, \u00e9tablie sur cet aller-retour permanent entre un espace physique varie\u0301, espace\u0301, mais limite\u0301 et un espace num\u00e9rique standard, normalise\u0301 mais illimite\u0301.<\/p><p>Cette sorte de distorsion conduit a\u0300 une instabilit\u00e9-stable qui contribuerait a\u0300 r\u00e9v\u00e9ler, a\u0300 produire une \u00ab humanit\u00e9 de l\u2019entre \u00bb interf\u00e9rant sur les rep\u00e8res, les rapports humains ou\u0300 les fronti\u00e8res du corps se ren\u00e9gocient.<\/p><p>En suivant le fil conducteur du th\u00e8me des fronti\u00e8res du corps, mes cr\u00e9ations visuelles successives t\u00e9moignent de ce rapide glissement. La spatialit\u00e9 num\u00e9rique contraint \u00ab l\u2019entre \u00bb et en ce sens cet espace s\u2019av\u00e8re devenir une dimension essentielle pour pr\u00e9server la diversit\u00e9 culturelle et politique.<\/p><p>Aujourd\u2019hui, je consid\u00e8re cette notion aussi importante que le jeu dans les rouages, que la respiration, le suspens, l\u2019impr\u00e9vu, l\u2019attirance et son contraire, l\u2019\u00e9lasticit\u00e9, la coexistence, la pluralit\u00e9.<\/p>\t\t\t\t\t\t\t\t<\/div>\n\t\t\t\t<\/div>\n\t\t\t\t<\/div>\n\t\t<div class=\"elementor-element elementor-element-0c9faa7 e-grid e-con-boxed e-con e-parent\" data-id=\"0c9faa7\" data-element_type=\"container\" data-e-type=\"container\">\n\t\t\t\t\t<div class=\"e-con-inner\">\n\t\t\t\t\t<\/div>\n\t\t\t\t<\/div>\n\t\t\t\t<\/div>\n\t\t","protected":false},"excerpt":{"rendered":"<p>Pr\u00e9sentation Ma pratique artistique des arts visuels porte sur le th\u00e8me des fronti\u00e8res du corps. Ce sujet r\u00e9pond a\u0300 mon int\u00e9r\u00eat pour le corps et pour l\u2019anthropologie, le corps en tant qu\u2019objet tridimensionnel, en tant que membrane plastique, caisse de r\u00e9sonance avec le milieu et l\u2019anthropologie en tant que discipline qui envisage une diversit\u00e9 de [&hellip;]<\/p>\n","protected":false},"author":1,"featured_media":0,"parent":0,"menu_order":0,"comment_status":"closed","ping_status":"closed","template":"elementor_header_footer","meta":{"footnotes":""},"class_list":["post-81","page","type-page","status-publish","hentry"],"_links":{"self":[{"href":"https:\/\/sandrinesaiah.com\/index.php\/wp-json\/wp\/v2\/pages\/81","targetHints":{"allow":["GET"]}}],"collection":[{"href":"https:\/\/sandrinesaiah.com\/index.php\/wp-json\/wp\/v2\/pages"}],"about":[{"href":"https:\/\/sandrinesaiah.com\/index.php\/wp-json\/wp\/v2\/types\/page"}],"author":[{"embeddable":true,"href":"https:\/\/sandrinesaiah.com\/index.php\/wp-json\/wp\/v2\/users\/1"}],"replies":[{"embeddable":true,"href":"https:\/\/sandrinesaiah.com\/index.php\/wp-json\/wp\/v2\/comments?post=81"}],"version-history":[{"count":26,"href":"https:\/\/sandrinesaiah.com\/index.php\/wp-json\/wp\/v2\/pages\/81\/revisions"}],"predecessor-version":[{"id":2210,"href":"https:\/\/sandrinesaiah.com\/index.php\/wp-json\/wp\/v2\/pages\/81\/revisions\/2210"}],"wp:attachment":[{"href":"https:\/\/sandrinesaiah.com\/index.php\/wp-json\/wp\/v2\/media?parent=81"}],"curies":[{"name":"wp","href":"https:\/\/api.w.org\/{rel}","templated":true}]}}