{"id":603,"date":"2025-05-05T21:38:18","date_gmt":"2025-05-05T19:38:18","guid":{"rendered":"https:\/\/sandrinesaiah.com\/?page_id=603"},"modified":"2025-06-03T22:06:41","modified_gmt":"2025-06-03T20:06:41","slug":"periode-2-2001-2003","status":"publish","type":"page","link":"https:\/\/sandrinesaiah.com\/index.php\/periode-2-2001-2003\/","title":{"rendered":"P\u00e9riode 2 \/ 2001-2003"},"content":{"rendered":"\t\t<div data-elementor-type=\"wp-page\" data-elementor-id=\"603\" class=\"elementor elementor-603\" data-elementor-post-type=\"page\">\n\t\t\t\t<div class=\"elementor-element elementor-element-ecc9cce e-flex e-con-boxed e-con e-parent\" data-id=\"ecc9cce\" data-element_type=\"container\" data-e-type=\"container\">\n\t\t\t\t\t<div class=\"e-con-inner\">\n\t\t\t\t<div class=\"elementor-element elementor-element-5e71bb8 elementor-widget elementor-widget-heading\" data-id=\"5e71bb8\" data-element_type=\"widget\" data-e-type=\"widget\" data-widget_type=\"heading.default\">\n\t\t\t\t<div class=\"elementor-widget-container\">\n\t\t\t\t\t<h2 class=\"elementor-heading-title elementor-size-default\">P\u00e9riode 2 \/ 2001-2003<\/h2>\t\t\t\t<\/div>\n\t\t\t\t<\/div>\n\t\t\t\t<div class=\"elementor-element elementor-element-93ae664 elementor-widget-divider--view-line elementor-widget elementor-widget-divider\" data-id=\"93ae664\" data-element_type=\"widget\" data-e-type=\"widget\" data-widget_type=\"divider.default\">\n\t\t\t\t<div class=\"elementor-widget-container\">\n\t\t\t\t\t\t\t<div class=\"elementor-divider\">\n\t\t\t<span class=\"elementor-divider-separator\">\n\t\t\t\t\t\t<\/span>\n\t\t<\/div>\n\t\t\t\t\t\t<\/div>\n\t\t\t\t<\/div>\n\t\t\t\t<div class=\"elementor-element elementor-element-fd0b6e6 elementor-widget elementor-widget-text-editor\" data-id=\"fd0b6e6\" data-element_type=\"widget\" data-e-type=\"widget\" data-widget_type=\"text-editor.default\">\n\t\t\t\t<div class=\"elementor-widget-container\">\n\t\t\t\t\t\t\t\t\t<p>Estompage<\/p>\t\t\t\t\t\t\t\t<\/div>\n\t\t\t\t<\/div>\n\t\t<div class=\"elementor-element elementor-element-67159c1 e-grid e-con-full e-con e-child\" data-id=\"67159c1\" data-element_type=\"container\" data-e-type=\"container\">\n\t\t<div class=\"elementor-element elementor-element-7aaf63c e-flex e-con-boxed e-con e-child\" data-id=\"7aaf63c\" data-element_type=\"container\" data-e-type=\"container\">\n\t\t\t\t\t<div class=\"e-con-inner\">\n\t\t\t\t<div class=\"elementor-element elementor-element-6f75a6e elementor-widget elementor-widget-text-editor\" data-id=\"6f75a6e\" data-element_type=\"widget\" data-e-type=\"widget\" data-widget_type=\"text-editor.default\">\n\t\t\t\t<div class=\"elementor-widget-container\">\n\t\t\t\t\t\t\t\t\t<p>Au changement de mill\u00e9naire, les d\u00e9finitions stables ont commenc\u00e9 \u00e0 vaciller, nos conceptions fig\u00e9es des soci\u00e9t\u00e9s humaines ancr\u00e9es dans leur territoire g\u00e9ographique, ont boug\u00e9. J\u2019ai gomm\u00e9 les r\u00e9f\u00e9rences culturelles, utilis\u00e9 le drap le plus ordinaire cousu \u00e0 gros fils pour fa\u00e7onner une enveloppe corporelle humaine. L\u2019installation Les fouleurs est une chor\u00e9graphie des corps instables inscrits dans des p\u00e9rim\u00e8tres r\u00e9duits. \u00c0 l\u2019\u00e9quilibre pr\u00e9caire des corps j\u2019ai signifi\u00e9 le vide et l\u2019effacement avec l\u2019\u0153uvre Suspensions<strong>.<\/strong><\/p>\t\t\t\t\t\t\t\t<\/div>\n\t\t\t\t<\/div>\n\t\t\t\t\t<\/div>\n\t\t\t\t<\/div>\n\t\t\t\t<\/div>\n\t\t\t\t\t<\/div>\n\t\t\t\t<\/div>\n\t\t<div class=\"elementor-element elementor-element-3f41264 e-flex e-con-boxed e-con e-parent\" data-id=\"3f41264\" data-element_type=\"container\" data-e-type=\"container\" data-settings=\"{&quot;background_background&quot;:&quot;classic&quot;}\">\n\t\t\t\t\t<div class=\"e-con-inner\">\n\t\t<div class=\"elementor-element elementor-element-946fb5b e-con-full e-flex e-con e-child\" data-id=\"946fb5b\" data-element_type=\"container\" data-e-type=\"container\">\n\t\t\t\t<div class=\"elementor-element elementor-element-f434dab elementor-widget elementor-widget-text-editor\" data-id=\"f434dab\" data-element_type=\"widget\" data-e-type=\"widget\" data-widget_type=\"text-editor.default\">\n\t\t\t\t<div class=\"elementor-widget-container\">\n\t\t\t\t\t\t\t\t\t<p><em>Les fouleurs, 2001<\/em><\/p>\t\t\t\t\t\t\t\t<\/div>\n\t\t\t\t<\/div>\n\t\t\t\t<div class=\"elementor-element elementor-element-0298849 elementor-widget elementor-widget-text-editor\" data-id=\"0298849\" data-element_type=\"widget\" data-e-type=\"widget\" data-widget_type=\"text-editor.default\">\n\t\t\t\t<div class=\"elementor-widget-container\">\n\t\t\t\t\t\t\t\t\t<p>190 \/ 230<br \/>drap \u2013 jute cousus sur coque r\u00e9sin\u00e9e<\/p>\t\t\t\t\t\t\t\t<\/div>\n\t\t\t\t<\/div>\n\t\t\t\t<div class=\"elementor-element elementor-element-6af42e1 elementor-widget elementor-widget-text-editor\" data-id=\"6af42e1\" data-element_type=\"widget\" data-e-type=\"widget\" data-widget_type=\"text-editor.default\">\n\t\t\t\t<div class=\"elementor-widget-container\">\n\t\t\t\t\t\t\t\t\t<p>Cet ensemble de trois corps est une chor\u00e9graphie de corps instables inscrits dans des p\u00e9rim\u00e8tres r\u00e9duits. Comme une ronde vacillante, leur rapport au sol souligne la pr\u00e9carit\u00e9 de leur \u00e9quilibre. Leur enveloppe corporelle d\u00e9color\u00e9e sugg\u00e8re l\u2019estompage des diff\u00e9rences.<\/p>\t\t\t\t\t\t\t\t<\/div>\n\t\t\t\t<\/div>\n\t\t\t\t<div class=\"elementor-element elementor-element-5f0ce78 elementor-align-left elementor-widget elementor-widget-button\" data-id=\"5f0ce78\" data-element_type=\"widget\" data-e-type=\"widget\" data-widget_type=\"button.default\">\n\t\t\t\t<div class=\"elementor-widget-container\">\n\t\t\t\t\t\t\t\t\t<div class=\"elementor-button-wrapper\">\n\t\t\t\t\t<a class=\"elementor-button elementor-button-link elementor-size-sm\" href=\"https:\/\/sandrinesaiah.com\/index.php\/2025\/05\/12\/p2-les-fouleurs-2001\/\">\n\t\t\t\t\t\t<span class=\"elementor-button-content-wrapper\">\n\t\t\t\t\t\t\t\t\t<span class=\"elementor-button-text\">d\u00e9couvrir<\/span>\n\t\t\t\t\t<\/span>\n\t\t\t\t\t<\/a>\n\t\t\t\t<\/div>\n\t\t\t\t\t\t\t\t<\/div>\n\t\t\t\t<\/div>\n\t\t\t\t<\/div>\n\t\t\t\t<div class=\"elementor-element elementor-element-f3c23d8 elementor-widget elementor-widget-image\" data-id=\"f3c23d8\" data-element_type=\"widget\" data-e-type=\"widget\" data-widget_type=\"image.default\">\n\t\t\t\t<div class=\"elementor-widget-container\">\n\t\t\t\t\t\t\t\t\t\t\t\t<figure class=\"wp-caption\">\n\t\t\t\t\t\t\t\t\t\t\t<a href=\"https:\/\/sandrinesaiah.com\/index.php\/2025\/05\/12\/p2-les-fouleurs-2001\/\">\n\t\t\t\t\t\t\t<img fetchpriority=\"high\" decoding=\"async\" width=\"800\" height=\"534\" src=\"https:\/\/sandrinesaiah.com\/wp-content\/uploads\/2025\/05\/sandrine_saiah-UNE_periode2-Les-fouleurs-1024x683.jpg\" class=\"attachment-large size-large wp-image-1216\" alt=\"\" srcset=\"https:\/\/sandrinesaiah.com\/wp-content\/uploads\/2025\/05\/sandrine_saiah-UNE_periode2-Les-fouleurs-1024x683.jpg 1024w, https:\/\/sandrinesaiah.com\/wp-content\/uploads\/2025\/05\/sandrine_saiah-UNE_periode2-Les-fouleurs-300x200.jpg 300w, https:\/\/sandrinesaiah.com\/wp-content\/uploads\/2025\/05\/sandrine_saiah-UNE_periode2-Les-fouleurs-768x512.jpg 768w, https:\/\/sandrinesaiah.com\/wp-content\/uploads\/2025\/05\/sandrine_saiah-UNE_periode2-Les-fouleurs.jpg 1500w\" sizes=\"(max-width: 800px) 100vw, 800px\" \/>\t\t\t\t\t\t\t\t<\/a>\n\t\t\t\t\t\t\t\t\t\t\t<figcaption class=\"widget-image-caption wp-caption-text\"><\/figcaption>\n\t\t\t\t\t\t\t\t\t\t<\/figure>\n\t\t\t\t\t\t\t\t\t<\/div>\n\t\t\t\t<\/div>\n\t\t\t\t\t<\/div>\n\t\t\t\t<\/div>\n\t\t<div class=\"elementor-element elementor-element-6f180ab e-con-full e-flex e-con e-parent\" data-id=\"6f180ab\" data-element_type=\"container\" data-e-type=\"container\">\n\t\t\t\t<div class=\"elementor-element elementor-element-2e45d90 elementor-widget-divider--view-line elementor-widget elementor-widget-divider\" data-id=\"2e45d90\" data-element_type=\"widget\" data-e-type=\"widget\" data-widget_type=\"divider.default\">\n\t\t\t\t<div class=\"elementor-widget-container\">\n\t\t\t\t\t\t\t<div class=\"elementor-divider\">\n\t\t\t<span class=\"elementor-divider-separator\">\n\t\t\t\t\t\t<\/span>\n\t\t<\/div>\n\t\t\t\t\t\t<\/div>\n\t\t\t\t<\/div>\n\t\t\t\t<\/div>\n\t\t<div class=\"elementor-element elementor-element-a790e05 e-flex e-con-boxed e-con e-parent\" data-id=\"a790e05\" data-element_type=\"container\" data-e-type=\"container\">\n\t\t\t\t\t<div class=\"e-con-inner\">\n\t\t<div class=\"elementor-element elementor-element-20e4532 e-con-full e-flex e-con e-child\" data-id=\"20e4532\" data-element_type=\"container\" data-e-type=\"container\">\n\t\t\t\t<div class=\"elementor-element elementor-element-3f2ad97 elementor-widget elementor-widget-text-editor\" data-id=\"3f2ad97\" data-element_type=\"widget\" data-e-type=\"widget\" data-widget_type=\"text-editor.default\">\n\t\t\t\t<div class=\"elementor-widget-container\">\n\t\t\t\t\t\t\t\t\t<p><em>Suspensions<\/em>, 2001<\/p>\t\t\t\t\t\t\t\t<\/div>\n\t\t\t\t<\/div>\n\t\t\t\t<div class=\"elementor-element elementor-element-36a1c31 elementor-widget elementor-widget-text-editor\" data-id=\"36a1c31\" data-element_type=\"widget\" data-e-type=\"widget\" data-widget_type=\"text-editor.default\">\n\t\t\t\t<div class=\"elementor-widget-container\">\n\t\t\t\t\t\t\t\t\t<p>203 x 150 x\u00a0 40<br \/>drap sur coque r\u00e9sin\u00e9e<\/p>\t\t\t\t\t\t\t\t<\/div>\n\t\t\t\t<\/div>\n\t\t\t\t<div class=\"elementor-element elementor-element-417260b elementor-widget elementor-widget-text-editor\" data-id=\"417260b\" data-element_type=\"widget\" data-e-type=\"widget\" data-widget_type=\"text-editor.default\">\n\t\t\t\t<div class=\"elementor-widget-container\">\n\t\t\t\t\t\t\t\t\t<p>Trois personnages apparaissent sous la forme de bustes suspendus, vides, aux regards ferm\u00e9s. Le rapport au sol est absent ou perdu. L\u2019impulsion physique, pr\u00e9sente jusque-l\u00e0, commence ici a\u0300 se dissoudre, entrainant la disparition de la repr\u00e9sentation totale du corps humain. Il ne s\u2019agit plus que d\u2019une suspension dans l\u2019expectative.<\/p>\t\t\t\t\t\t\t\t<\/div>\n\t\t\t\t<\/div>\n\t\t\t\t<div class=\"elementor-element elementor-element-6cea3a2 elementor-align-left elementor-widget elementor-widget-button\" data-id=\"6cea3a2\" data-element_type=\"widget\" data-e-type=\"widget\" data-widget_type=\"button.default\">\n\t\t\t\t<div class=\"elementor-widget-container\">\n\t\t\t\t\t\t\t\t\t<div class=\"elementor-button-wrapper\">\n\t\t\t\t\t<a class=\"elementor-button elementor-button-link elementor-size-sm\" href=\"https:\/\/sandrinesaiah.com\/index.php\/2025\/05\/12\/p2-suspensions-2001\/\">\n\t\t\t\t\t\t<span class=\"elementor-button-content-wrapper\">\n\t\t\t\t\t\t\t\t\t<span class=\"elementor-button-text\">d\u00e9couvrir<\/span>\n\t\t\t\t\t<\/span>\n\t\t\t\t\t<\/a>\n\t\t\t\t<\/div>\n\t\t\t\t\t\t\t\t<\/div>\n\t\t\t\t<\/div>\n\t\t\t\t<\/div>\n\t\t\t\t<div class=\"elementor-element elementor-element-a742411 elementor-widget elementor-widget-image\" data-id=\"a742411\" data-element_type=\"widget\" data-e-type=\"widget\" data-widget_type=\"image.default\">\n\t\t\t\t<div class=\"elementor-widget-container\">\n\t\t\t\t\t\t\t\t\t\t\t\t<figure class=\"wp-caption\">\n\t\t\t\t\t\t\t\t\t\t\t<a href=\"https:\/\/sandrinesaiah.com\/index.php\/2025\/05\/12\/p2-suspensions-2001\/\">\n\t\t\t\t\t\t\t<img decoding=\"async\" width=\"800\" height=\"534\" src=\"https:\/\/sandrinesaiah.com\/wp-content\/uploads\/2025\/05\/sandrine_saiah-UNE_periode2-Suspensions-1024x683.jpg\" class=\"attachment-large size-large wp-image-1215\" alt=\"\" srcset=\"https:\/\/sandrinesaiah.com\/wp-content\/uploads\/2025\/05\/sandrine_saiah-UNE_periode2-Suspensions-1024x683.jpg 1024w, https:\/\/sandrinesaiah.com\/wp-content\/uploads\/2025\/05\/sandrine_saiah-UNE_periode2-Suspensions-300x200.jpg 300w, https:\/\/sandrinesaiah.com\/wp-content\/uploads\/2025\/05\/sandrine_saiah-UNE_periode2-Suspensions-768x512.jpg 768w, https:\/\/sandrinesaiah.com\/wp-content\/uploads\/2025\/05\/sandrine_saiah-UNE_periode2-Suspensions.jpg 1500w\" sizes=\"(max-width: 800px) 100vw, 800px\" \/>\t\t\t\t\t\t\t\t<\/a>\n\t\t\t\t\t\t\t\t\t\t\t<figcaption class=\"widget-image-caption wp-caption-text\"><\/figcaption>\n\t\t\t\t\t\t\t\t\t\t<\/figure>\n\t\t\t\t\t\t\t\t\t<\/div>\n\t\t\t\t<\/div>\n\t\t\t\t\t<\/div>\n\t\t\t\t<\/div>\n\t\t<div class=\"elementor-element elementor-element-6e00492 e-con-full e-flex e-con e-parent\" data-id=\"6e00492\" data-element_type=\"container\" data-e-type=\"container\" data-settings=\"{&quot;background_background&quot;:&quot;classic&quot;}\">\n\t\t\t\t<div class=\"elementor-element elementor-element-11588b5 elementor-widget-divider--view-line elementor-widget elementor-widget-divider\" data-id=\"11588b5\" data-element_type=\"widget\" data-e-type=\"widget\" data-widget_type=\"divider.default\">\n\t\t\t\t<div class=\"elementor-widget-container\">\n\t\t\t\t\t\t\t<div class=\"elementor-divider\">\n\t\t\t<span class=\"elementor-divider-separator\">\n\t\t\t\t\t\t<\/span>\n\t\t<\/div>\n\t\t\t\t\t\t<\/div>\n\t\t\t\t<\/div>\n\t\t\t\t<\/div>\n\t\t<div class=\"elementor-element elementor-element-2a2fb2a e-flex e-con-boxed e-con e-parent\" data-id=\"2a2fb2a\" data-element_type=\"container\" data-e-type=\"container\" data-settings=\"{&quot;background_background&quot;:&quot;classic&quot;}\">\n\t\t\t\t\t<div class=\"e-con-inner\">\n\t\t<div class=\"elementor-element elementor-element-4fbacb7 e-con-full e-flex e-con e-child\" data-id=\"4fbacb7\" data-element_type=\"container\" data-e-type=\"container\">\n\t\t\t\t<div class=\"elementor-element elementor-element-31ebdca elementor-widget elementor-widget-text-editor\" data-id=\"31ebdca\" data-element_type=\"widget\" data-e-type=\"widget\" data-widget_type=\"text-editor.default\">\n\t\t\t\t<div class=\"elementor-widget-container\">\n\t\t\t\t\t\t\t\t\t<p>Face \/ Dos, 2001<\/p>\t\t\t\t\t\t\t\t<\/div>\n\t\t\t\t<\/div>\n\t\t\t\t<div class=\"elementor-element elementor-element-7f7742d elementor-widget elementor-widget-text-editor\" data-id=\"7f7742d\" data-element_type=\"widget\" data-e-type=\"widget\" data-widget_type=\"text-editor.default\">\n\t\t\t\t<div class=\"elementor-widget-container\">\n\t\t\t\t\t\t\t\t\t<p>146 x 83 x 35<br \/>drap sur coque r\u00e9sin\u00e9e<\/p>\t\t\t\t\t\t\t\t<\/div>\n\t\t\t\t<\/div>\n\t\t\t\t<div class=\"elementor-element elementor-element-aa0dcde elementor-widget elementor-widget-text-editor\" data-id=\"aa0dcde\" data-element_type=\"widget\" data-e-type=\"widget\" data-widget_type=\"text-editor.default\">\n\t\t\t\t<div class=\"elementor-widget-container\">\n\t\t\t\t\t\t\t\t\t<p>Un t\u00e9lescopage d\u2019Histoires s\u2019est d\u00e9roul\u00e9 le 11 septembre 2001, par la percussion de deux avions dans deux tours jumelles a\u0300 Manhattan. L\u2019id\u00e9e de la globalisation s\u2019est trouv\u00e9e bouscul\u00e9e, tout comme celle de se revendiquer citoyen du monde. Le temps des guerres de territoires \u00e9tait relaye\u0301 par des effondrements de symboles diffus\u00e9s visuellement mondialement. Alors que la globalisation se poursuivait sous le couvert d\u2019une redistribution des richesses de la plan\u00e8te, en s\u2019affranchissant des fronti\u00e8res \u00e9tatiques, cet \u00e9v\u00e8nement les a resserr\u00e9es, les a augment\u00e9es et a amplifie\u0301 les contr\u00f4les pour filtrer les suspects.<\/p>\t\t\t\t\t\t\t\t<\/div>\n\t\t\t\t<\/div>\n\t\t\t\t<div class=\"elementor-element elementor-element-340cb7a elementor-align-left elementor-widget elementor-widget-button\" data-id=\"340cb7a\" data-element_type=\"widget\" data-e-type=\"widget\" data-widget_type=\"button.default\">\n\t\t\t\t<div class=\"elementor-widget-container\">\n\t\t\t\t\t\t\t\t\t<div class=\"elementor-button-wrapper\">\n\t\t\t\t\t<a class=\"elementor-button elementor-button-link elementor-size-sm\" href=\"https:\/\/sandrinesaiah.com\/index.php\/2025\/05\/12\/p2-face-dos-2001\/\">\n\t\t\t\t\t\t<span class=\"elementor-button-content-wrapper\">\n\t\t\t\t\t\t\t\t\t<span class=\"elementor-button-text\">d\u00e9couvrir<\/span>\n\t\t\t\t\t<\/span>\n\t\t\t\t\t<\/a>\n\t\t\t\t<\/div>\n\t\t\t\t\t\t\t\t<\/div>\n\t\t\t\t<\/div>\n\t\t\t\t<\/div>\n\t\t\t\t<div class=\"elementor-element elementor-element-bd246a4 elementor-widget elementor-widget-image\" data-id=\"bd246a4\" data-element_type=\"widget\" data-e-type=\"widget\" data-widget_type=\"image.default\">\n\t\t\t\t<div class=\"elementor-widget-container\">\n\t\t\t\t\t\t\t\t\t\t\t\t<figure class=\"wp-caption\">\n\t\t\t\t\t\t\t\t\t\t\t<a href=\"https:\/\/sandrinesaiah.com\/index.php\/2025\/05\/12\/p2-face-dos-2001\/\">\n\t\t\t\t\t\t\t<img decoding=\"async\" width=\"800\" height=\"534\" src=\"https:\/\/sandrinesaiah.com\/wp-content\/uploads\/2025\/05\/sandrine_saiah-UNE_periode2-Face-Dos-1024x683.jpg\" class=\"attachment-large size-large wp-image-1214\" alt=\"\" srcset=\"https:\/\/sandrinesaiah.com\/wp-content\/uploads\/2025\/05\/sandrine_saiah-UNE_periode2-Face-Dos-1024x683.jpg 1024w, https:\/\/sandrinesaiah.com\/wp-content\/uploads\/2025\/05\/sandrine_saiah-UNE_periode2-Face-Dos-300x200.jpg 300w, https:\/\/sandrinesaiah.com\/wp-content\/uploads\/2025\/05\/sandrine_saiah-UNE_periode2-Face-Dos-768x512.jpg 768w, https:\/\/sandrinesaiah.com\/wp-content\/uploads\/2025\/05\/sandrine_saiah-UNE_periode2-Face-Dos.jpg 1500w\" sizes=\"(max-width: 800px) 100vw, 800px\" \/>\t\t\t\t\t\t\t\t<\/a>\n\t\t\t\t\t\t\t\t\t\t\t<figcaption class=\"widget-image-caption wp-caption-text\"><\/figcaption>\n\t\t\t\t\t\t\t\t\t\t<\/figure>\n\t\t\t\t\t\t\t\t\t<\/div>\n\t\t\t\t<\/div>\n\t\t\t\t\t<\/div>\n\t\t\t\t<\/div>\n\t\t<div class=\"elementor-element elementor-element-68df327 e-grid e-con-full e-con e-parent\" data-id=\"68df327\" data-element_type=\"container\" data-e-type=\"container\">\n\t\t\t\t<div class=\"elementor-element elementor-element-7dc6b9e elementor-widget-divider--view-line elementor-widget elementor-widget-divider\" data-id=\"7dc6b9e\" data-element_type=\"widget\" data-e-type=\"widget\" data-widget_type=\"divider.default\">\n\t\t\t\t<div class=\"elementor-widget-container\">\n\t\t\t\t\t\t\t<div class=\"elementor-divider\">\n\t\t\t<span class=\"elementor-divider-separator\">\n\t\t\t\t\t\t<\/span>\n\t\t<\/div>\n\t\t\t\t\t\t<\/div>\n\t\t\t\t<\/div>\n\t\t\t\t<\/div>\n\t\t<div class=\"elementor-element elementor-element-718b9ae e-grid e-con-boxed e-con e-parent\" data-id=\"718b9ae\" data-element_type=\"container\" data-e-type=\"container\">\n\t\t\t\t\t<div class=\"e-con-inner\">\n\t\t\t\t<div class=\"elementor-element elementor-element-6246c56 elementor-widget elementor-widget-heading\" data-id=\"6246c56\" data-element_type=\"widget\" data-e-type=\"widget\" data-widget_type=\"heading.default\">\n\t\t\t\t<div class=\"elementor-widget-container\">\n\t\t\t\t\t<h2 class=\"elementor-heading-title elementor-size-default\"><a href=\"https:\/\/sandrinesaiah.com\/index.php\/periode-12-2025\/\">P\u00e9riode 12 \/ 2025<\/a><\/h2>\t\t\t\t<\/div>\n\t\t\t\t<\/div>\n\t\t\t\t<div class=\"elementor-element elementor-element-d453698 elementor-widget elementor-widget-heading\" data-id=\"d453698\" data-element_type=\"widget\" data-e-type=\"widget\" data-widget_type=\"heading.default\">\n\t\t\t\t<div class=\"elementor-widget-container\">\n\t\t\t\t\t<h2 class=\"elementor-heading-title elementor-size-default\"><a href=\"https:\/\/sandrinesaiah.com\/index.php\/periode-11-2024\/\">P\u00e9riode 11 \/ 2024<\/a><\/h2>\t\t\t\t<\/div>\n\t\t\t\t<\/div>\n\t\t\t\t<div class=\"elementor-element elementor-element-b73f5c0 elementor-widget elementor-widget-heading\" data-id=\"b73f5c0\" data-element_type=\"widget\" data-e-type=\"widget\" data-widget_type=\"heading.default\">\n\t\t\t\t<div class=\"elementor-widget-container\">\n\t\t\t\t\t<h2 class=\"elementor-heading-title elementor-size-default\"><a href=\"https:\/\/sandrinesaiah.com\/index.php\/periode-10-2023\/\">P\u00e9riode 10 \/ 2023<\/a><\/h2>\t\t\t\t<\/div>\n\t\t\t\t<\/div>\n\t\t\t\t<div class=\"elementor-element elementor-element-6a953e1 elementor-widget elementor-widget-heading\" data-id=\"6a953e1\" data-element_type=\"widget\" data-e-type=\"widget\" data-widget_type=\"heading.default\">\n\t\t\t\t<div class=\"elementor-widget-container\">\n\t\t\t\t\t<h2 class=\"elementor-heading-title elementor-size-default\"><a href=\"https:\/\/sandrinesaiah.com\/index.php\/periode-9-2022\/\">P\u00e9riode 9 \/ 2022<\/a><\/h2>\t\t\t\t<\/div>\n\t\t\t\t<\/div>\n\t\t\t\t<div class=\"elementor-element elementor-element-79b60d4 elementor-widget elementor-widget-heading\" data-id=\"79b60d4\" data-element_type=\"widget\" data-e-type=\"widget\" data-widget_type=\"heading.default\">\n\t\t\t\t<div class=\"elementor-widget-container\">\n\t\t\t\t\t<h2 class=\"elementor-heading-title elementor-size-default\"><a href=\"https:\/\/sandrinesaiah.com\/index.php\/periode-8-2021\/\">P\u00e9riode 8 \/ 2021<\/a><\/h2>\t\t\t\t<\/div>\n\t\t\t\t<\/div>\n\t\t\t\t<div class=\"elementor-element elementor-element-e35b75e elementor-widget elementor-widget-heading\" data-id=\"e35b75e\" data-element_type=\"widget\" data-e-type=\"widget\" data-widget_type=\"heading.default\">\n\t\t\t\t<div class=\"elementor-widget-container\">\n\t\t\t\t\t<h2 class=\"elementor-heading-title elementor-size-default\"><a href=\"https:\/\/sandrinesaiah.com\/index.php\/periode-7-2013-2020\/\">P\u00e9riode 7 \/ 2013-2020<\/a><\/h2>\t\t\t\t<\/div>\n\t\t\t\t<\/div>\n\t\t\t\t<div class=\"elementor-element elementor-element-b64d2c5 elementor-widget elementor-widget-heading\" data-id=\"b64d2c5\" data-element_type=\"widget\" data-e-type=\"widget\" data-widget_type=\"heading.default\">\n\t\t\t\t<div class=\"elementor-widget-container\">\n\t\t\t\t\t<h2 class=\"elementor-heading-title elementor-size-default\"><a href=\"https:\/\/sandrinesaiah.com\/index.php\/periodes-6-2015\/\">P\u00e9riode 6 \/ 2015<\/a><\/h2>\t\t\t\t<\/div>\n\t\t\t\t<\/div>\n\t\t\t\t<div class=\"elementor-element elementor-element-b9c507d elementor-widget elementor-widget-heading\" data-id=\"b9c507d\" data-element_type=\"widget\" data-e-type=\"widget\" data-widget_type=\"heading.default\">\n\t\t\t\t<div class=\"elementor-widget-container\">\n\t\t\t\t\t<h2 class=\"elementor-heading-title elementor-size-default\"><a href=\"https:\/\/sandrinesaiah.com\/index.php\/periode-5-2009-2012\/\">P\u00e9riode 5 \/ 2009-2012<\/a><\/h2>\t\t\t\t<\/div>\n\t\t\t\t<\/div>\n\t\t\t\t<div class=\"elementor-element elementor-element-abdb7b4 elementor-widget elementor-widget-heading\" data-id=\"abdb7b4\" data-element_type=\"widget\" data-e-type=\"widget\" data-widget_type=\"heading.default\">\n\t\t\t\t<div class=\"elementor-widget-container\">\n\t\t\t\t\t<h2 class=\"elementor-heading-title elementor-size-default\"><a href=\"https:\/\/sandrinesaiah.com\/index.php\/periodes-4-2008-2006\/\">P\u00e9riode 4 \/ 2008-2006<\/a><\/h2>\t\t\t\t<\/div>\n\t\t\t\t<\/div>\n\t\t\t\t<div class=\"elementor-element elementor-element-1737940 elementor-widget elementor-widget-heading\" data-id=\"1737940\" data-element_type=\"widget\" data-e-type=\"widget\" data-widget_type=\"heading.default\">\n\t\t\t\t<div class=\"elementor-widget-container\">\n\t\t\t\t\t<h2 class=\"elementor-heading-title elementor-size-default\"><a href=\"https:\/\/sandrinesaiah.com\/index.php\/periode-3-2004-2005\/\">P\u00e9riode 3 \/ 2004-2005<\/a><\/h2>\t\t\t\t<\/div>\n\t\t\t\t<\/div>\n\t\t\t\t<div class=\"elementor-element elementor-element-06a7f97 elementor-widget elementor-widget-heading\" data-id=\"06a7f97\" data-element_type=\"widget\" data-e-type=\"widget\" data-widget_type=\"heading.default\">\n\t\t\t\t<div class=\"elementor-widget-container\">\n\t\t\t\t\t<h2 class=\"elementor-heading-title elementor-size-default\"><a href=\"https:\/\/sandrinesaiah.com\/index.php\/periode-2-2001-2003\/\">P\u00e9riode 2 \/ 2001-2003<\/a><\/h2>\t\t\t\t<\/div>\n\t\t\t\t<\/div>\n\t\t\t\t<div class=\"elementor-element elementor-element-4b0c5eb elementor-widget elementor-widget-heading\" data-id=\"4b0c5eb\" data-element_type=\"widget\" data-e-type=\"widget\" data-widget_type=\"heading.default\">\n\t\t\t\t<div class=\"elementor-widget-container\">\n\t\t\t\t\t<h2 class=\"elementor-heading-title elementor-size-default\"><a href=\"https:\/\/sandrinesaiah.com\/index.php\/periode-1-1994-2000\/\">P\u00e9riode 1 \/ 1994-2000<\/a><\/h2>\t\t\t\t<\/div>\n\t\t\t\t<\/div>\n\t\t\t\t\t<\/div>\n\t\t\t\t<\/div>\n\t\t\t\t<\/div>\n\t\t","protected":false},"excerpt":{"rendered":"<p>P\u00e9riode 2 \/ 2001-2003 Estompage Au changement de mill\u00e9naire, les d\u00e9finitions stables ont commenc\u00e9 \u00e0 vaciller, nos conceptions fig\u00e9es des soci\u00e9t\u00e9s humaines ancr\u00e9es dans leur territoire g\u00e9ographique, ont boug\u00e9. J\u2019ai gomm\u00e9 les r\u00e9f\u00e9rences culturelles, utilis\u00e9 le drap le plus ordinaire cousu \u00e0 gros fils pour fa\u00e7onner une enveloppe corporelle humaine. L\u2019installation Les fouleurs est une [&hellip;]<\/p>\n","protected":false},"author":1,"featured_media":0,"parent":0,"menu_order":0,"comment_status":"closed","ping_status":"closed","template":"elementor_header_footer","meta":{"footnotes":""},"class_list":["post-603","page","type-page","status-publish","hentry"],"_links":{"self":[{"href":"https:\/\/sandrinesaiah.com\/index.php\/wp-json\/wp\/v2\/pages\/603","targetHints":{"allow":["GET"]}}],"collection":[{"href":"https:\/\/sandrinesaiah.com\/index.php\/wp-json\/wp\/v2\/pages"}],"about":[{"href":"https:\/\/sandrinesaiah.com\/index.php\/wp-json\/wp\/v2\/types\/page"}],"author":[{"embeddable":true,"href":"https:\/\/sandrinesaiah.com\/index.php\/wp-json\/wp\/v2\/users\/1"}],"replies":[{"embeddable":true,"href":"https:\/\/sandrinesaiah.com\/index.php\/wp-json\/wp\/v2\/comments?post=603"}],"version-history":[{"count":49,"href":"https:\/\/sandrinesaiah.com\/index.php\/wp-json\/wp\/v2\/pages\/603\/revisions"}],"predecessor-version":[{"id":1703,"href":"https:\/\/sandrinesaiah.com\/index.php\/wp-json\/wp\/v2\/pages\/603\/revisions\/1703"}],"wp:attachment":[{"href":"https:\/\/sandrinesaiah.com\/index.php\/wp-json\/wp\/v2\/media?parent=603"}],"curies":[{"name":"wp","href":"https:\/\/api.w.org\/{rel}","templated":true}]}}