{"id":531,"date":"2025-04-30T22:31:12","date_gmt":"2025-04-30T20:31:12","guid":{"rendered":"https:\/\/sandrinesaiah.com\/?page_id=531"},"modified":"2025-06-03T22:10:47","modified_gmt":"2025-06-03T20:10:47","slug":"periodes-4-2008-2006","status":"publish","type":"page","link":"https:\/\/sandrinesaiah.com\/index.php\/periodes-4-2008-2006\/","title":{"rendered":"P\u00e9riodes 4 \/ 2008-2006"},"content":{"rendered":"\t\t<div data-elementor-type=\"wp-page\" data-elementor-id=\"531\" class=\"elementor elementor-531\" data-elementor-post-type=\"page\">\n\t\t\t\t<div class=\"elementor-element elementor-element-010ceea e-flex e-con-boxed e-con e-parent\" data-id=\"010ceea\" data-element_type=\"container\" data-e-type=\"container\">\n\t\t\t\t\t<div class=\"e-con-inner\">\n\t\t\t\t<div class=\"elementor-element elementor-element-1e1ff32 elementor-widget elementor-widget-heading\" data-id=\"1e1ff32\" data-element_type=\"widget\" data-e-type=\"widget\" data-widget_type=\"heading.default\">\n\t\t\t\t<div class=\"elementor-widget-container\">\n\t\t\t\t\t<h2 class=\"elementor-heading-title elementor-size-default\">P\u00e9riodes 4 \/ 2008-2006<\/h2>\t\t\t\t<\/div>\n\t\t\t\t<\/div>\n\t\t\t\t<div class=\"elementor-element elementor-element-a3ca077 elementor-widget-divider--view-line elementor-widget elementor-widget-divider\" data-id=\"a3ca077\" data-element_type=\"widget\" data-e-type=\"widget\" data-widget_type=\"divider.default\">\n\t\t\t\t<div class=\"elementor-widget-container\">\n\t\t\t\t\t\t\t<div class=\"elementor-divider\">\n\t\t\t<span class=\"elementor-divider-separator\">\n\t\t\t\t\t\t<\/span>\n\t\t<\/div>\n\t\t\t\t\t\t<\/div>\n\t\t\t\t<\/div>\n\t\t\t\t<div class=\"elementor-element elementor-element-fdb1c48 elementor-widget elementor-widget-text-editor\" data-id=\"fdb1c48\" data-element_type=\"widget\" data-e-type=\"widget\" data-widget_type=\"text-editor.default\">\n\t\t\t\t<div class=\"elementor-widget-container\">\n\t\t\t\t\t\t\t\t\t<p>Interd\u00e9pendance<\/p>\t\t\t\t\t\t\t\t<\/div>\n\t\t\t\t<\/div>\n\t\t\t\t\t<\/div>\n\t\t\t\t<\/div>\n\t\t<div class=\"elementor-element elementor-element-0ac05ca e-grid e-con-full e-con e-parent\" data-id=\"0ac05ca\" data-element_type=\"container\" data-e-type=\"container\">\n\t\t<div class=\"elementor-element elementor-element-f3e548b e-flex e-con-boxed e-con e-child\" data-id=\"f3e548b\" data-element_type=\"container\" data-e-type=\"container\">\n\t\t\t\t\t<div class=\"e-con-inner\">\n\t\t\t\t<div class=\"elementor-element elementor-element-a5e61ab elementor-widget elementor-widget-text-editor\" data-id=\"a5e61ab\" data-element_type=\"widget\" data-e-type=\"widget\" data-widget_type=\"text-editor.default\">\n\t\t\t\t<div class=\"elementor-widget-container\">\n\t\t\t\t\t\t\t\t\t<p>Pour sortir de l\u2019exigu\u00eft\u00e9 d\u2019une forme statique, la porosit\u00e9, le dialogue avec les \u00e9l\u00e9ments ext\u00e9rieurs sont premiers. L\u2019interp\u00e9n\u00e9tration alimente l\u2019effet d\u2019estompage du corps et d\u2019\u00e9vanescence de sa pr\u00e9sence. Utilisant la photographie jusque-l\u00e0 parall\u00e8le \u00e0 mes recherches, celle-ci contribue \u00e0 l\u2019\u00e9laboration d\u2019images de dissolution du corps dans un environnement naturel, brouillant ainsi les axes fixes de nos repr\u00e9sentations.<\/p>\t\t\t\t\t\t\t\t<\/div>\n\t\t\t\t<\/div>\n\t\t\t\t\t<\/div>\n\t\t\t\t<\/div>\n\t\t\t\t<\/div>\n\t\t<div class=\"elementor-element elementor-element-95b132f e-flex e-con-boxed e-con e-parent\" data-id=\"95b132f\" data-element_type=\"container\" data-e-type=\"container\">\n\t\t\t\t\t<div class=\"e-con-inner\">\n\t\t<div class=\"elementor-element elementor-element-59a13f0 e-con-full e-flex e-con e-child\" data-id=\"59a13f0\" data-element_type=\"container\" data-e-type=\"container\">\n\t\t\t\t<div class=\"elementor-element elementor-element-c2dfc81 elementor-widget elementor-widget-text-editor\" data-id=\"c2dfc81\" data-element_type=\"widget\" data-e-type=\"widget\" data-widget_type=\"text-editor.default\">\n\t\t\t\t<div class=\"elementor-widget-container\">\n\t\t\t\t\t\t\t\t\t<p>Pr\u00e9sence (s\u00e9rie de 5)<\/p>\t\t\t\t\t\t\t\t<\/div>\n\t\t\t\t<\/div>\n\t\t\t\t<div class=\"elementor-element elementor-element-7c2935c elementor-widget elementor-widget-text-editor\" data-id=\"7c2935c\" data-element_type=\"widget\" data-e-type=\"widget\" data-widget_type=\"text-editor.default\">\n\t\t\t\t<div class=\"elementor-widget-container\">\n\t\t\t\t\t\t\t\t\t<p>Sentir une pr\u00e9sence reste une sensation que ne permet pas de la d\u00e9finir clairement. Quand on joue sur les fronti\u00e8res du corps, la relation entre ext\u00e9rieur\/int\u00e9rieur s\u2019estompe mais la pr\u00e9sence demeure.<\/p>\t\t\t\t\t\t\t\t<\/div>\n\t\t\t\t<\/div>\n\t\t\t\t<div class=\"elementor-element elementor-element-02eec57 elementor-align-left elementor-widget elementor-widget-button\" data-id=\"02eec57\" data-element_type=\"widget\" data-e-type=\"widget\" data-widget_type=\"button.default\">\n\t\t\t\t<div class=\"elementor-widget-container\">\n\t\t\t\t\t\t\t\t\t<div class=\"elementor-button-wrapper\">\n\t\t\t\t\t<a class=\"elementor-button elementor-button-link elementor-size-sm\" href=\"https:\/\/sandrinesaiah.com\/index.php\/en\/2025\/05\/12\/p4-presences\/\">\n\t\t\t\t\t\t<span class=\"elementor-button-content-wrapper\">\n\t\t\t\t\t\t\t\t\t<span class=\"elementor-button-text\">d\u00e9couvrir<\/span>\n\t\t\t\t\t<\/span>\n\t\t\t\t\t<\/a>\n\t\t\t\t<\/div>\n\t\t\t\t\t\t\t\t<\/div>\n\t\t\t\t<\/div>\n\t\t\t\t<\/div>\n\t\t\t\t<div class=\"elementor-element elementor-element-37f10a9 elementor-widget elementor-widget-image\" data-id=\"37f10a9\" data-element_type=\"widget\" data-e-type=\"widget\" data-widget_type=\"image.default\">\n\t\t\t\t<div class=\"elementor-widget-container\">\n\t\t\t\t\t\t\t\t\t\t\t\t<figure class=\"wp-caption\">\n\t\t\t\t\t\t\t\t\t\t\t<a href=\"https:\/\/sandrinesaiah.com\/index.php\/en\/2025\/05\/12\/p4-presences\/\">\n\t\t\t\t\t\t\t<img fetchpriority=\"high\" decoding=\"async\" width=\"800\" height=\"534\" src=\"https:\/\/sandrinesaiah.com\/wp-content\/uploads\/2025\/05\/sandrine_saiah-UNE_periode4-1024x683.jpg\" class=\"attachment-large size-large wp-image-1390\" alt=\"\" srcset=\"https:\/\/sandrinesaiah.com\/wp-content\/uploads\/2025\/05\/sandrine_saiah-UNE_periode4-1024x683.jpg 1024w, https:\/\/sandrinesaiah.com\/wp-content\/uploads\/2025\/05\/sandrine_saiah-UNE_periode4-300x200.jpg 300w, https:\/\/sandrinesaiah.com\/wp-content\/uploads\/2025\/05\/sandrine_saiah-UNE_periode4-768x512.jpg 768w, https:\/\/sandrinesaiah.com\/wp-content\/uploads\/2025\/05\/sandrine_saiah-UNE_periode4.jpg 1500w\" sizes=\"(max-width: 800px) 100vw, 800px\" \/>\t\t\t\t\t\t\t\t<\/a>\n\t\t\t\t\t\t\t\t\t\t\t<figcaption class=\"widget-image-caption wp-caption-text\"><\/figcaption>\n\t\t\t\t\t\t\t\t\t\t<\/figure>\n\t\t\t\t\t\t\t\t\t<\/div>\n\t\t\t\t<\/div>\n\t\t\t\t\t<\/div>\n\t\t\t\t<\/div>\n\t\t<div class=\"elementor-element elementor-element-efdfc58 e-grid e-con-full e-con e-parent\" data-id=\"efdfc58\" data-element_type=\"container\" data-e-type=\"container\">\n\t\t\t\t<div class=\"elementor-element elementor-element-b6dd00b elementor-widget-divider--view-line elementor-widget elementor-widget-divider\" data-id=\"b6dd00b\" data-element_type=\"widget\" data-e-type=\"widget\" data-widget_type=\"divider.default\">\n\t\t\t\t<div class=\"elementor-widget-container\">\n\t\t\t\t\t\t\t<div class=\"elementor-divider\">\n\t\t\t<span class=\"elementor-divider-separator\">\n\t\t\t\t\t\t<\/span>\n\t\t<\/div>\n\t\t\t\t\t\t<\/div>\n\t\t\t\t<\/div>\n\t\t\t\t<\/div>\n\t\t<div class=\"elementor-element elementor-element-8ca04c1 e-grid e-con-boxed e-con e-parent\" data-id=\"8ca04c1\" data-element_type=\"container\" data-e-type=\"container\">\n\t\t\t\t\t<div class=\"e-con-inner\">\n\t\t\t\t<div class=\"elementor-element elementor-element-48a7104 elementor-widget elementor-widget-heading\" data-id=\"48a7104\" data-element_type=\"widget\" data-e-type=\"widget\" data-widget_type=\"heading.default\">\n\t\t\t\t<div class=\"elementor-widget-container\">\n\t\t\t\t\t<h2 class=\"elementor-heading-title elementor-size-default\"><a href=\"https:\/\/sandrinesaiah.com\/index.php\/periode-12-2025\/\">P\u00e9riode 12 \/ 2025<\/a><\/h2>\t\t\t\t<\/div>\n\t\t\t\t<\/div>\n\t\t\t\t<div class=\"elementor-element elementor-element-4401eb0 elementor-widget elementor-widget-heading\" data-id=\"4401eb0\" data-element_type=\"widget\" data-e-type=\"widget\" data-widget_type=\"heading.default\">\n\t\t\t\t<div class=\"elementor-widget-container\">\n\t\t\t\t\t<h2 class=\"elementor-heading-title elementor-size-default\"><a href=\"https:\/\/sandrinesaiah.com\/index.php\/periode-11-2024\/\">P\u00e9riode 11 \/ 2024<\/a><\/h2>\t\t\t\t<\/div>\n\t\t\t\t<\/div>\n\t\t\t\t<div class=\"elementor-element elementor-element-3bd6ea6 elementor-widget elementor-widget-heading\" data-id=\"3bd6ea6\" data-element_type=\"widget\" data-e-type=\"widget\" data-widget_type=\"heading.default\">\n\t\t\t\t<div class=\"elementor-widget-container\">\n\t\t\t\t\t<h2 class=\"elementor-heading-title elementor-size-default\"><a href=\"https:\/\/sandrinesaiah.com\/index.php\/periode-10-2023\/\">P\u00e9riode 10 \/ 2023<\/a><\/h2>\t\t\t\t<\/div>\n\t\t\t\t<\/div>\n\t\t\t\t<div class=\"elementor-element elementor-element-ffa1030 elementor-widget elementor-widget-heading\" data-id=\"ffa1030\" data-element_type=\"widget\" data-e-type=\"widget\" data-widget_type=\"heading.default\">\n\t\t\t\t<div class=\"elementor-widget-container\">\n\t\t\t\t\t<h2 class=\"elementor-heading-title elementor-size-default\"><a href=\"https:\/\/sandrinesaiah.com\/index.php\/periode-9-2022\/\">P\u00e9riode 9 \/ 2022<\/a><\/h2>\t\t\t\t<\/div>\n\t\t\t\t<\/div>\n\t\t\t\t<div class=\"elementor-element elementor-element-70629b6 elementor-widget elementor-widget-heading\" data-id=\"70629b6\" data-element_type=\"widget\" data-e-type=\"widget\" data-widget_type=\"heading.default\">\n\t\t\t\t<div class=\"elementor-widget-container\">\n\t\t\t\t\t<h2 class=\"elementor-heading-title elementor-size-default\"><a href=\"https:\/\/sandrinesaiah.com\/index.php\/periode-8-2021\/\">P\u00e9riode 8 \/ 2021<\/a><\/h2>\t\t\t\t<\/div>\n\t\t\t\t<\/div>\n\t\t\t\t<div class=\"elementor-element elementor-element-914f443 elementor-widget elementor-widget-heading\" data-id=\"914f443\" data-element_type=\"widget\" data-e-type=\"widget\" data-widget_type=\"heading.default\">\n\t\t\t\t<div class=\"elementor-widget-container\">\n\t\t\t\t\t<h2 class=\"elementor-heading-title elementor-size-default\"><a href=\"https:\/\/sandrinesaiah.com\/index.php\/periode-7-2013-2020\/\">P\u00e9riode 7 \/ 2013-2020<\/a><\/h2>\t\t\t\t<\/div>\n\t\t\t\t<\/div>\n\t\t\t\t<div class=\"elementor-element elementor-element-28bb32a elementor-widget elementor-widget-heading\" data-id=\"28bb32a\" data-element_type=\"widget\" data-e-type=\"widget\" data-widget_type=\"heading.default\">\n\t\t\t\t<div class=\"elementor-widget-container\">\n\t\t\t\t\t<h2 class=\"elementor-heading-title elementor-size-default\"><a href=\"https:\/\/sandrinesaiah.com\/index.php\/periodes-6-2015\/\">P\u00e9riode 6 \/ 2015<\/a><\/h2>\t\t\t\t<\/div>\n\t\t\t\t<\/div>\n\t\t\t\t<div class=\"elementor-element elementor-element-8156c80 elementor-widget elementor-widget-heading\" data-id=\"8156c80\" data-element_type=\"widget\" data-e-type=\"widget\" data-widget_type=\"heading.default\">\n\t\t\t\t<div class=\"elementor-widget-container\">\n\t\t\t\t\t<h2 class=\"elementor-heading-title elementor-size-default\"><a href=\"https:\/\/sandrinesaiah.com\/index.php\/periode-5-2009-2012\/\">P\u00e9riode 5 \/ 2009-2012<\/a><\/h2>\t\t\t\t<\/div>\n\t\t\t\t<\/div>\n\t\t\t\t<div class=\"elementor-element elementor-element-bd2db42 elementor-widget elementor-widget-heading\" data-id=\"bd2db42\" data-element_type=\"widget\" data-e-type=\"widget\" data-widget_type=\"heading.default\">\n\t\t\t\t<div class=\"elementor-widget-container\">\n\t\t\t\t\t<h2 class=\"elementor-heading-title elementor-size-default\"><a href=\"https:\/\/sandrinesaiah.com\/index.php\/periodes-4-2008-2006\/\">P\u00e9riode 4 \/ 2008-2006<\/a><\/h2>\t\t\t\t<\/div>\n\t\t\t\t<\/div>\n\t\t\t\t<div class=\"elementor-element elementor-element-8fec0d6 elementor-widget elementor-widget-heading\" data-id=\"8fec0d6\" data-element_type=\"widget\" data-e-type=\"widget\" data-widget_type=\"heading.default\">\n\t\t\t\t<div class=\"elementor-widget-container\">\n\t\t\t\t\t<h2 class=\"elementor-heading-title elementor-size-default\">P\u00e9riode 3 \/ 2004-2005<\/h2>\t\t\t\t<\/div>\n\t\t\t\t<\/div>\n\t\t\t\t<div class=\"elementor-element elementor-element-d5bcd7c elementor-widget elementor-widget-heading\" data-id=\"d5bcd7c\" data-element_type=\"widget\" data-e-type=\"widget\" data-widget_type=\"heading.default\">\n\t\t\t\t<div class=\"elementor-widget-container\">\n\t\t\t\t\t<h2 class=\"elementor-heading-title elementor-size-default\">P\u00e9riode 2 \/ 2001-2003<\/h2>\t\t\t\t<\/div>\n\t\t\t\t<\/div>\n\t\t\t\t<div class=\"elementor-element elementor-element-2db2d8e elementor-widget elementor-widget-heading\" data-id=\"2db2d8e\" data-element_type=\"widget\" data-e-type=\"widget\" data-widget_type=\"heading.default\">\n\t\t\t\t<div class=\"elementor-widget-container\">\n\t\t\t\t\t<h2 class=\"elementor-heading-title elementor-size-default\">P\u00e9riode 1 \/ 1994-2000<\/h2>\t\t\t\t<\/div>\n\t\t\t\t<\/div>\n\t\t\t\t\t<\/div>\n\t\t\t\t<\/div>\n\t\t\t\t<\/div>\n\t\t","protected":false},"excerpt":{"rendered":"<p>P\u00e9riodes 4 \/ 2008-2006 Interd\u00e9pendance Pour sortir de l\u2019exigu\u00eft\u00e9 d\u2019une forme statique, la porosit\u00e9, le dialogue avec les \u00e9l\u00e9ments ext\u00e9rieurs sont premiers. L\u2019interp\u00e9n\u00e9tration alimente l\u2019effet d\u2019estompage du corps et d\u2019\u00e9vanescence de sa pr\u00e9sence. Utilisant la photographie jusque-l\u00e0 parall\u00e8le \u00e0 mes recherches, celle-ci contribue \u00e0 l\u2019\u00e9laboration d\u2019images de dissolution du corps dans un environnement naturel, brouillant [&hellip;]<\/p>\n","protected":false},"author":1,"featured_media":0,"parent":0,"menu_order":0,"comment_status":"closed","ping_status":"closed","template":"elementor_header_footer","meta":{"footnotes":""},"class_list":["post-531","page","type-page","status-publish","hentry"],"_links":{"self":[{"href":"https:\/\/sandrinesaiah.com\/index.php\/wp-json\/wp\/v2\/pages\/531","targetHints":{"allow":["GET"]}}],"collection":[{"href":"https:\/\/sandrinesaiah.com\/index.php\/wp-json\/wp\/v2\/pages"}],"about":[{"href":"https:\/\/sandrinesaiah.com\/index.php\/wp-json\/wp\/v2\/types\/page"}],"author":[{"embeddable":true,"href":"https:\/\/sandrinesaiah.com\/index.php\/wp-json\/wp\/v2\/users\/1"}],"replies":[{"embeddable":true,"href":"https:\/\/sandrinesaiah.com\/index.php\/wp-json\/wp\/v2\/comments?post=531"}],"version-history":[{"count":28,"href":"https:\/\/sandrinesaiah.com\/index.php\/wp-json\/wp\/v2\/pages\/531\/revisions"}],"predecessor-version":[{"id":1691,"href":"https:\/\/sandrinesaiah.com\/index.php\/wp-json\/wp\/v2\/pages\/531\/revisions\/1691"}],"wp:attachment":[{"href":"https:\/\/sandrinesaiah.com\/index.php\/wp-json\/wp\/v2\/media?parent=531"}],"curies":[{"name":"wp","href":"https:\/\/api.w.org\/{rel}","templated":true}]}}