{"id":517,"date":"2025-04-30T22:17:38","date_gmt":"2025-04-30T20:17:38","guid":{"rendered":"https:\/\/sandrinesaiah.com\/?page_id=517"},"modified":"2025-06-03T22:11:25","modified_gmt":"2025-06-03T20:11:25","slug":"periodes-6-2015","status":"publish","type":"page","link":"https:\/\/sandrinesaiah.com\/index.php\/periodes-6-2015\/","title":{"rendered":"P\u00e9riodes 6 \/ 2015"},"content":{"rendered":"\t\t<div data-elementor-type=\"wp-page\" data-elementor-id=\"517\" class=\"elementor elementor-517\" data-elementor-post-type=\"page\">\n\t\t\t\t<div class=\"elementor-element elementor-element-a5477ba e-flex e-con-boxed e-con e-parent\" data-id=\"a5477ba\" data-element_type=\"container\" data-e-type=\"container\">\n\t\t\t\t\t<div class=\"e-con-inner\">\n\t\t\t\t<div class=\"elementor-element elementor-element-4e8825d elementor-widget elementor-widget-heading\" data-id=\"4e8825d\" data-element_type=\"widget\" data-e-type=\"widget\" data-widget_type=\"heading.default\">\n\t\t\t\t<div class=\"elementor-widget-container\">\n\t\t\t\t\t<h2 class=\"elementor-heading-title elementor-size-default\">P\u00e9riodes 6 \/ 2015<\/h2>\t\t\t\t<\/div>\n\t\t\t\t<\/div>\n\t\t\t\t<div class=\"elementor-element elementor-element-5c00e36 elementor-widget-divider--view-line elementor-widget elementor-widget-divider\" data-id=\"5c00e36\" data-element_type=\"widget\" data-e-type=\"widget\" data-widget_type=\"divider.default\">\n\t\t\t\t<div class=\"elementor-widget-container\">\n\t\t\t\t\t\t\t<div class=\"elementor-divider\">\n\t\t\t<span class=\"elementor-divider-separator\">\n\t\t\t\t\t\t<\/span>\n\t\t<\/div>\n\t\t\t\t\t\t<\/div>\n\t\t\t\t<\/div>\n\t\t\t\t<div class=\"elementor-element elementor-element-6d6f04f elementor-widget elementor-widget-text-editor\" data-id=\"6d6f04f\" data-element_type=\"widget\" data-e-type=\"widget\" data-widget_type=\"text-editor.default\">\n\t\t\t\t<div class=\"elementor-widget-container\">\n\t\t\t\t\t\t\t\t\t<p>Orientation<\/p>\t\t\t\t\t\t\t\t<\/div>\n\t\t\t\t<\/div>\n\t\t\t\t\t<\/div>\n\t\t\t\t<\/div>\n\t\t<div class=\"elementor-element elementor-element-19517de e-grid e-con-full e-con e-parent\" data-id=\"19517de\" data-element_type=\"container\" data-e-type=\"container\">\n\t\t<div class=\"elementor-element elementor-element-136fe71 e-flex e-con-boxed e-con e-child\" data-id=\"136fe71\" data-element_type=\"container\" data-e-type=\"container\">\n\t\t\t\t\t<div class=\"e-con-inner\">\n\t\t\t\t<div class=\"elementor-element elementor-element-97fe033 elementor-widget elementor-widget-text-editor\" data-id=\"97fe033\" data-element_type=\"widget\" data-e-type=\"widget\" data-widget_type=\"text-editor.default\">\n\t\t\t\t<div class=\"elementor-widget-container\">\n\t\t\t\t\t\t\t\t\t<p>Internet ajoute un mode de repr\u00e9sentation du monde qui se superpose \u00e0 nos rep\u00e8res physiques traditionnels. S\u2019orienter dans le temps et dans l\u2019espace est une n\u00e9cessit\u00e9 premi\u00e8re, aujourd\u2019hui l\u2019emboitement des modes d\u2019orientation estompe la longue histoire de notre rapport aux diff\u00e9rents espaces.<\/p>\t\t\t\t\t\t\t\t<\/div>\n\t\t\t\t<\/div>\n\t\t\t\t\t<\/div>\n\t\t\t\t<\/div>\n\t\t\t\t<\/div>\n\t\t<div class=\"elementor-element elementor-element-5d449fe e-flex e-con-boxed e-con e-parent\" data-id=\"5d449fe\" data-element_type=\"container\" data-e-type=\"container\">\n\t\t\t\t\t<div class=\"e-con-inner\">\n\t\t\t\t<div class=\"elementor-element elementor-element-5d6a3e7 elementor-widget elementor-widget-heading\" data-id=\"5d6a3e7\" data-element_type=\"widget\" data-e-type=\"widget\" data-widget_type=\"heading.default\">\n\t\t\t\t<div class=\"elementor-widget-container\">\n\t\t\t\t\t<h2 class=\"elementor-heading-title elementor-size-default\">Oeuvres<\/h2>\t\t\t\t<\/div>\n\t\t\t\t<\/div>\n\t\t\t\t<div class=\"elementor-element elementor-element-8c58db1 elementor-widget-divider--view-line elementor-widget elementor-widget-divider\" data-id=\"8c58db1\" data-element_type=\"widget\" data-e-type=\"widget\" data-widget_type=\"divider.default\">\n\t\t\t\t<div class=\"elementor-widget-container\">\n\t\t\t\t\t\t\t<div class=\"elementor-divider\">\n\t\t\t<span class=\"elementor-divider-separator\">\n\t\t\t\t\t\t<\/span>\n\t\t<\/div>\n\t\t\t\t\t\t<\/div>\n\t\t\t\t<\/div>\n\t\t\t\t\t<\/div>\n\t\t\t\t<\/div>\n\t\t<div class=\"elementor-element elementor-element-bd5bb11 e-flex e-con-boxed e-con e-parent\" data-id=\"bd5bb11\" data-element_type=\"container\" data-e-type=\"container\">\n\t\t\t\t\t<div class=\"e-con-inner\">\n\t\t<div class=\"elementor-element elementor-element-c596bd8 e-con-full e-flex e-con e-child\" data-id=\"c596bd8\" data-element_type=\"container\" data-e-type=\"container\">\n\t\t\t\t<div class=\"elementor-element elementor-element-4582a87 elementor-widget elementor-widget-text-editor\" data-id=\"4582a87\" data-element_type=\"widget\" data-e-type=\"widget\" data-widget_type=\"text-editor.default\">\n\t\t\t\t<div class=\"elementor-widget-container\">\n\t\t\t\t\t\t\t\t\t<p><em>1= plusieurs, <\/em>2015<\/p>\t\t\t\t\t\t\t\t<\/div>\n\t\t\t\t<\/div>\n\t\t\t\t<div class=\"elementor-element elementor-element-3cd29bb elementor-widget elementor-widget-text-editor\" data-id=\"3cd29bb\" data-element_type=\"widget\" data-e-type=\"widget\" data-widget_type=\"text-editor.default\">\n\t\t\t\t<div class=\"elementor-widget-container\">\n\t\t\t\t\t\t\t\t\t<p>173 x 200 x175<br \/>Tissu, coque r\u00e9sin\u00e9e<br \/>Photo num\u00e9rique sur plexi<\/p>\t\t\t\t\t\t\t\t<\/div>\n\t\t\t\t<\/div>\n\t\t\t\t<div class=\"elementor-element elementor-element-c0b04a8 elementor-widget elementor-widget-text-editor\" data-id=\"c0b04a8\" data-element_type=\"widget\" data-e-type=\"widget\" data-widget_type=\"text-editor.default\">\n\t\t\t\t<div class=\"elementor-widget-container\">\n\t\t\t\t\t\t\t\t\t<p>L\u2019installation <em>1=plusieurs <\/em>d\u00e9ploie notre rapport \u00e0 l\u2019espace avec l\u2019\u00e9volution de nos repr\u00e9sentations du monde de l\u2019antiquit\u00e9 \u00e0 nos jours. Alors que la complexit\u00e9 se d\u00e9voilait \u00e0 la Renaissance, la perspective permettait de se focaliser sur un point. Aujourd\u2019hui la complexit\u00e9 r\u00e9v\u00e9l\u00e9e avec l\u2019interd\u00e9pendance s\u2019affiche aussi bien avec l\u2019image d\u2019Internet qu\u2019avec celles similaires des galaxies. Pour \u00e9voquer cette longue maturation, la mise en sc\u00e8ne de 1=plusieurs est celle d\u2019un buste f\u00e9minin de la Renaissance qui regarde un paysage toscan sur lequel sont inclus des images. Imprim\u00e9e sur un plexi, cette repr\u00e9sentation synth\u00e9tise notre compr\u00e9hension de l\u2019espace, des espaces pour nous positionner.\u00a0<\/p><p><a href=\"https:\/\/sandrinesaiah.tumblr.com\/\">https:\/\/sandrinesaiah.tumblr.com\/<\/a><\/p>\t\t\t\t\t\t\t\t<\/div>\n\t\t\t\t<\/div>\n\t\t\t\t<div class=\"elementor-element elementor-element-b965ba7 elementor-align-left elementor-widget elementor-widget-button\" data-id=\"b965ba7\" data-element_type=\"widget\" data-e-type=\"widget\" data-widget_type=\"button.default\">\n\t\t\t\t<div class=\"elementor-widget-container\">\n\t\t\t\t\t\t\t\t\t<div class=\"elementor-button-wrapper\">\n\t\t\t\t\t<a class=\"elementor-button elementor-button-link elementor-size-sm\" href=\"https:\/\/sandrinesaiah.com\/index.php\/en\/2025\/05\/12\/p6-1-plusieurs-texte-photo\/\">\n\t\t\t\t\t\t<span class=\"elementor-button-content-wrapper\">\n\t\t\t\t\t\t\t\t\t<span class=\"elementor-button-text\">d\u00e9couvrir<\/span>\n\t\t\t\t\t<\/span>\n\t\t\t\t\t<\/a>\n\t\t\t\t<\/div>\n\t\t\t\t\t\t\t\t<\/div>\n\t\t\t\t<\/div>\n\t\t\t\t<\/div>\n\t\t\t\t<div class=\"elementor-element elementor-element-c9d1f16 elementor-widget elementor-widget-image\" data-id=\"c9d1f16\" data-element_type=\"widget\" data-e-type=\"widget\" data-widget_type=\"image.default\">\n\t\t\t\t<div class=\"elementor-widget-container\">\n\t\t\t\t\t\t\t\t\t\t\t\t<figure class=\"wp-caption\">\n\t\t\t\t\t\t\t\t\t\t\t<a href=\"https:\/\/sandrinesaiah.com\/index.php\/en\/2025\/05\/12\/p6-1-plusieurs-texte-photo\/\">\n\t\t\t\t\t\t\t<img fetchpriority=\"high\" decoding=\"async\" width=\"800\" height=\"534\" src=\"https:\/\/sandrinesaiah.com\/wp-content\/uploads\/2025\/04\/2013-1-plusieurs-3-1024x684.jpg\" class=\"attachment-large size-large wp-image-522\" alt=\"\" srcset=\"https:\/\/sandrinesaiah.com\/wp-content\/uploads\/2025\/04\/2013-1-plusieurs-3-1024x684.jpg 1024w, https:\/\/sandrinesaiah.com\/wp-content\/uploads\/2025\/04\/2013-1-plusieurs-3-300x200.jpg 300w, https:\/\/sandrinesaiah.com\/wp-content\/uploads\/2025\/04\/2013-1-plusieurs-3-768x513.jpg 768w, https:\/\/sandrinesaiah.com\/wp-content\/uploads\/2025\/04\/2013-1-plusieurs-3-1536x1025.jpg 1536w, https:\/\/sandrinesaiah.com\/wp-content\/uploads\/2025\/04\/2013-1-plusieurs-3.jpg 2000w\" sizes=\"(max-width: 800px) 100vw, 800px\" \/>\t\t\t\t\t\t\t\t<\/a>\n\t\t\t\t\t\t\t\t\t\t\t<figcaption class=\"widget-image-caption wp-caption-text\"><\/figcaption>\n\t\t\t\t\t\t\t\t\t\t<\/figure>\n\t\t\t\t\t\t\t\t\t<\/div>\n\t\t\t\t<\/div>\n\t\t\t\t\t<\/div>\n\t\t\t\t<\/div>\n\t\t<div class=\"elementor-element elementor-element-8de1cc2 e-grid e-con-full e-con e-parent\" data-id=\"8de1cc2\" data-element_type=\"container\" data-e-type=\"container\">\n\t\t\t\t<div class=\"elementor-element elementor-element-18181aa elementor-widget-divider--view-line elementor-widget elementor-widget-divider\" data-id=\"18181aa\" data-element_type=\"widget\" data-e-type=\"widget\" data-widget_type=\"divider.default\">\n\t\t\t\t<div class=\"elementor-widget-container\">\n\t\t\t\t\t\t\t<div class=\"elementor-divider\">\n\t\t\t<span class=\"elementor-divider-separator\">\n\t\t\t\t\t\t<\/span>\n\t\t<\/div>\n\t\t\t\t\t\t<\/div>\n\t\t\t\t<\/div>\n\t\t\t\t<\/div>\n\t\t<div class=\"elementor-element elementor-element-a3854e4 e-grid e-con-boxed e-con e-parent\" data-id=\"a3854e4\" data-element_type=\"container\" data-e-type=\"container\">\n\t\t\t\t\t<div class=\"e-con-inner\">\n\t\t\t\t<div class=\"elementor-element elementor-element-5e921aa elementor-widget elementor-widget-heading\" data-id=\"5e921aa\" data-element_type=\"widget\" data-e-type=\"widget\" data-widget_type=\"heading.default\">\n\t\t\t\t<div class=\"elementor-widget-container\">\n\t\t\t\t\t<h2 class=\"elementor-heading-title elementor-size-default\"><a href=\"https:\/\/sandrinesaiah.com\/index.php\/periode-12-2025\/\">P\u00e9riode 12 \/ 2025<\/a><\/h2>\t\t\t\t<\/div>\n\t\t\t\t<\/div>\n\t\t\t\t<div class=\"elementor-element elementor-element-535bb55 elementor-widget elementor-widget-heading\" data-id=\"535bb55\" data-element_type=\"widget\" data-e-type=\"widget\" data-widget_type=\"heading.default\">\n\t\t\t\t<div class=\"elementor-widget-container\">\n\t\t\t\t\t<h2 class=\"elementor-heading-title elementor-size-default\"><a href=\"https:\/\/sandrinesaiah.com\/index.php\/periode-11-2024\/\">P\u00e9riode 11 \/ 2024<\/a><\/h2>\t\t\t\t<\/div>\n\t\t\t\t<\/div>\n\t\t\t\t<div class=\"elementor-element elementor-element-f2a6e9f elementor-widget elementor-widget-heading\" data-id=\"f2a6e9f\" data-element_type=\"widget\" data-e-type=\"widget\" data-widget_type=\"heading.default\">\n\t\t\t\t<div class=\"elementor-widget-container\">\n\t\t\t\t\t<h2 class=\"elementor-heading-title elementor-size-default\"><a href=\"https:\/\/sandrinesaiah.com\/index.php\/periode-10-2023\/\">P\u00e9riode 10 \/ 2023<\/a><\/h2>\t\t\t\t<\/div>\n\t\t\t\t<\/div>\n\t\t\t\t<div class=\"elementor-element elementor-element-ee76569 elementor-widget elementor-widget-heading\" data-id=\"ee76569\" data-element_type=\"widget\" data-e-type=\"widget\" data-widget_type=\"heading.default\">\n\t\t\t\t<div class=\"elementor-widget-container\">\n\t\t\t\t\t<h2 class=\"elementor-heading-title elementor-size-default\"><a href=\"https:\/\/sandrinesaiah.com\/index.php\/periode-9-2022\/\">P\u00e9riode 9 \/ 2022<\/a><\/h2>\t\t\t\t<\/div>\n\t\t\t\t<\/div>\n\t\t\t\t<div class=\"elementor-element elementor-element-afd16d6 elementor-widget elementor-widget-heading\" data-id=\"afd16d6\" data-element_type=\"widget\" data-e-type=\"widget\" data-widget_type=\"heading.default\">\n\t\t\t\t<div class=\"elementor-widget-container\">\n\t\t\t\t\t<h2 class=\"elementor-heading-title elementor-size-default\"><a href=\"https:\/\/sandrinesaiah.com\/index.php\/periode-8-2021\/\">P\u00e9riode 8 \/ 2021<\/a><\/h2>\t\t\t\t<\/div>\n\t\t\t\t<\/div>\n\t\t\t\t<div class=\"elementor-element elementor-element-6f53b05 elementor-widget elementor-widget-heading\" data-id=\"6f53b05\" data-element_type=\"widget\" data-e-type=\"widget\" data-widget_type=\"heading.default\">\n\t\t\t\t<div class=\"elementor-widget-container\">\n\t\t\t\t\t<h2 class=\"elementor-heading-title elementor-size-default\"><a href=\"https:\/\/sandrinesaiah.com\/index.php\/periode-7-2013-2020\/\">P\u00e9riode 7 \/ 2013-2020<\/a><\/h2>\t\t\t\t<\/div>\n\t\t\t\t<\/div>\n\t\t\t\t<div class=\"elementor-element elementor-element-ddbfa43 elementor-widget elementor-widget-heading\" data-id=\"ddbfa43\" data-element_type=\"widget\" data-e-type=\"widget\" data-widget_type=\"heading.default\">\n\t\t\t\t<div class=\"elementor-widget-container\">\n\t\t\t\t\t<h2 class=\"elementor-heading-title elementor-size-default\"><a href=\"https:\/\/sandrinesaiah.com\/index.php\/periodes-6-2015\/\">P\u00e9riode 6 \/ 2015<\/a><\/h2>\t\t\t\t<\/div>\n\t\t\t\t<\/div>\n\t\t\t\t<div class=\"elementor-element elementor-element-baaa821 elementor-widget elementor-widget-heading\" data-id=\"baaa821\" data-element_type=\"widget\" data-e-type=\"widget\" data-widget_type=\"heading.default\">\n\t\t\t\t<div class=\"elementor-widget-container\">\n\t\t\t\t\t<h2 class=\"elementor-heading-title elementor-size-default\"><a href=\"https:\/\/sandrinesaiah.com\/index.php\/periode-5-2009-2012\/\">P\u00e9riode 5 \/ 2009-2012<\/a><\/h2>\t\t\t\t<\/div>\n\t\t\t\t<\/div>\n\t\t\t\t<div class=\"elementor-element elementor-element-6d29f01 elementor-widget elementor-widget-heading\" data-id=\"6d29f01\" data-element_type=\"widget\" data-e-type=\"widget\" data-widget_type=\"heading.default\">\n\t\t\t\t<div class=\"elementor-widget-container\">\n\t\t\t\t\t<h2 class=\"elementor-heading-title elementor-size-default\"><a href=\"https:\/\/sandrinesaiah.com\/index.php\/periodes-4-2008-2006\/\">P\u00e9riode 4 \/ 2008-2006<\/a><\/h2>\t\t\t\t<\/div>\n\t\t\t\t<\/div>\n\t\t\t\t<div class=\"elementor-element elementor-element-a9f9faf elementor-widget elementor-widget-heading\" data-id=\"a9f9faf\" data-element_type=\"widget\" data-e-type=\"widget\" data-widget_type=\"heading.default\">\n\t\t\t\t<div class=\"elementor-widget-container\">\n\t\t\t\t\t<h2 class=\"elementor-heading-title elementor-size-default\"><a href=\"https:\/\/sandrinesaiah.com\/index.php\/periode-3-2004-2005\/\">P\u00e9riode 3 \/ 2004-2005<\/a><\/h2>\t\t\t\t<\/div>\n\t\t\t\t<\/div>\n\t\t\t\t<div class=\"elementor-element elementor-element-3a8c7bf elementor-widget elementor-widget-heading\" data-id=\"3a8c7bf\" data-element_type=\"widget\" data-e-type=\"widget\" data-widget_type=\"heading.default\">\n\t\t\t\t<div class=\"elementor-widget-container\">\n\t\t\t\t\t<h2 class=\"elementor-heading-title elementor-size-default\"><a href=\"https:\/\/sandrinesaiah.com\/index.php\/periode-2-2001-2003\/\">P\u00e9riode 2 \/ 2001-2003<\/a><\/h2>\t\t\t\t<\/div>\n\t\t\t\t<\/div>\n\t\t\t\t<div class=\"elementor-element elementor-element-cdb31ab elementor-widget elementor-widget-heading\" data-id=\"cdb31ab\" data-element_type=\"widget\" data-e-type=\"widget\" data-widget_type=\"heading.default\">\n\t\t\t\t<div class=\"elementor-widget-container\">\n\t\t\t\t\t<h2 class=\"elementor-heading-title elementor-size-default\"><a href=\"https:\/\/sandrinesaiah.com\/index.php\/periode-1-1994-2000\/\">P\u00e9riode 1 \/ 1994-2000<\/a><\/h2>\t\t\t\t<\/div>\n\t\t\t\t<\/div>\n\t\t\t\t\t<\/div>\n\t\t\t\t<\/div>\n\t\t\t\t<\/div>\n\t\t","protected":false},"excerpt":{"rendered":"<p>P\u00e9riodes 6 \/ 2015 Orientation Internet ajoute un mode de repr\u00e9sentation du monde qui se superpose \u00e0 nos rep\u00e8res physiques traditionnels. S\u2019orienter dans le temps et dans l\u2019espace est une n\u00e9cessit\u00e9 premi\u00e8re, aujourd\u2019hui l\u2019emboitement des modes d\u2019orientation estompe la longue histoire de notre rapport aux diff\u00e9rents espaces. Oeuvres 1= plusieurs, 2015 173 x 200 x175Tissu, [&hellip;]<\/p>\n","protected":false},"author":1,"featured_media":0,"parent":0,"menu_order":0,"comment_status":"closed","ping_status":"closed","template":"elementor_header_footer","meta":{"footnotes":""},"class_list":["post-517","page","type-page","status-publish","hentry"],"_links":{"self":[{"href":"https:\/\/sandrinesaiah.com\/index.php\/wp-json\/wp\/v2\/pages\/517","targetHints":{"allow":["GET"]}}],"collection":[{"href":"https:\/\/sandrinesaiah.com\/index.php\/wp-json\/wp\/v2\/pages"}],"about":[{"href":"https:\/\/sandrinesaiah.com\/index.php\/wp-json\/wp\/v2\/types\/page"}],"author":[{"embeddable":true,"href":"https:\/\/sandrinesaiah.com\/index.php\/wp-json\/wp\/v2\/users\/1"}],"replies":[{"embeddable":true,"href":"https:\/\/sandrinesaiah.com\/index.php\/wp-json\/wp\/v2\/comments?post=517"}],"version-history":[{"count":37,"href":"https:\/\/sandrinesaiah.com\/index.php\/wp-json\/wp\/v2\/pages\/517\/revisions"}],"predecessor-version":[{"id":2162,"href":"https:\/\/sandrinesaiah.com\/index.php\/wp-json\/wp\/v2\/pages\/517\/revisions\/2162"}],"wp:attachment":[{"href":"https:\/\/sandrinesaiah.com\/index.php\/wp-json\/wp\/v2\/media?parent=517"}],"curies":[{"name":"wp","href":"https:\/\/api.w.org\/{rel}","templated":true}]}}