{"id":475,"date":"2025-04-30T21:47:06","date_gmt":"2025-04-30T19:47:06","guid":{"rendered":"https:\/\/sandrinesaiah.com\/?page_id=475"},"modified":"2025-06-03T22:07:57","modified_gmt":"2025-06-03T20:07:57","slug":"periode-8-2021","status":"publish","type":"page","link":"https:\/\/sandrinesaiah.com\/index.php\/periode-8-2021\/","title":{"rendered":"P\u00e9riode 8 \/ 2021"},"content":{"rendered":"\t\t<div data-elementor-type=\"wp-page\" data-elementor-id=\"475\" class=\"elementor elementor-475\" data-elementor-post-type=\"page\">\n\t\t\t\t<div class=\"elementor-element elementor-element-051f307 e-flex e-con-boxed e-con e-parent\" data-id=\"051f307\" data-element_type=\"container\" data-e-type=\"container\">\n\t\t\t\t\t<div class=\"e-con-inner\">\n\t\t\t\t<div class=\"elementor-element elementor-element-645f108 elementor-widget elementor-widget-heading\" data-id=\"645f108\" data-element_type=\"widget\" data-e-type=\"widget\" data-widget_type=\"heading.default\">\n\t\t\t\t<div class=\"elementor-widget-container\">\n\t\t\t\t\t<h2 class=\"elementor-heading-title elementor-size-default\">P\u00e9riode 8 \/ 2021<\/h2>\t\t\t\t<\/div>\n\t\t\t\t<\/div>\n\t\t\t\t<div class=\"elementor-element elementor-element-f80cf33 elementor-widget-divider--view-line elementor-widget elementor-widget-divider\" data-id=\"f80cf33\" data-element_type=\"widget\" data-e-type=\"widget\" data-widget_type=\"divider.default\">\n\t\t\t\t<div class=\"elementor-widget-container\">\n\t\t\t\t\t\t\t<div class=\"elementor-divider\">\n\t\t\t<span class=\"elementor-divider-separator\">\n\t\t\t\t\t\t<\/span>\n\t\t<\/div>\n\t\t\t\t\t\t<\/div>\n\t\t\t\t<\/div>\n\t\t\t\t<div class=\"elementor-element elementor-element-037a973 elementor-widget elementor-widget-text-editor\" data-id=\"037a973\" data-element_type=\"widget\" data-e-type=\"widget\" data-widget_type=\"text-editor.default\">\n\t\t\t\t<div class=\"elementor-widget-container\">\n\t\t\t\t\t\t\t\t\t<p>Rupture<\/p>\t\t\t\t\t\t\t\t<\/div>\n\t\t\t\t<\/div>\n\t\t\t\t\t<\/div>\n\t\t\t\t<\/div>\n\t\t<div class=\"elementor-element elementor-element-a8c469d e-grid e-con-full e-con e-parent\" data-id=\"a8c469d\" data-element_type=\"container\" data-e-type=\"container\">\n\t\t<div class=\"elementor-element elementor-element-3ae4b9a e-flex e-con-boxed e-con e-child\" data-id=\"3ae4b9a\" data-element_type=\"container\" data-e-type=\"container\">\n\t\t\t\t\t<div class=\"e-con-inner\">\n\t\t\t\t<div class=\"elementor-element elementor-element-b9416e5 elementor-widget elementor-widget-text-editor\" data-id=\"b9416e5\" data-element_type=\"widget\" data-e-type=\"widget\" data-widget_type=\"text-editor.default\">\n\t\t\t\t<div class=\"elementor-widget-container\">\n\t\t\t\t\t\t\t\t\t<p>En dehors des casques de r\u00e9alit\u00e9 virtuelle restituant la 3D, le contact avec l\u2019espace num\u00e9rique se fait a\u0300 travers un \u00e9cran plat qui \u00e9limine la profondeur, la distance, la perspective. Par ailleurs, la nomenclature des pages web reste identique depuis plus de 30 ans. Notre aperception du monde s\u2019est forg\u00e9e par ce biais aplati, stratifie\u0301, colmate\u0301. Ce syst\u00e9matisme fonctionnel fige nos appr\u00e9hensions de l\u2019espace num\u00e9rique et conditionne nos rapports au monde et nos mani\u00e8res de penser.<\/p>\t\t\t\t\t\t\t\t<\/div>\n\t\t\t\t<\/div>\n\t\t\t\t\t<\/div>\n\t\t\t\t<\/div>\n\t\t\t\t<\/div>\n\t\t<div class=\"elementor-element elementor-element-f7a14da e-flex e-con-boxed e-con e-parent\" data-id=\"f7a14da\" data-element_type=\"container\" data-e-type=\"container\">\n\t\t\t\t\t<div class=\"e-con-inner\">\n\t\t\t\t<div class=\"elementor-element elementor-element-409f8e5 elementor-widget elementor-widget-heading\" data-id=\"409f8e5\" data-element_type=\"widget\" data-e-type=\"widget\" data-widget_type=\"heading.default\">\n\t\t\t\t<div class=\"elementor-widget-container\">\n\t\t\t\t\t<h2 class=\"elementor-heading-title elementor-size-default\">Oeuvres<\/h2>\t\t\t\t<\/div>\n\t\t\t\t<\/div>\n\t\t\t\t<div class=\"elementor-element elementor-element-465af1e elementor-widget-divider--view-line elementor-widget elementor-widget-divider\" data-id=\"465af1e\" data-element_type=\"widget\" data-e-type=\"widget\" data-widget_type=\"divider.default\">\n\t\t\t\t<div class=\"elementor-widget-container\">\n\t\t\t\t\t\t\t<div class=\"elementor-divider\">\n\t\t\t<span class=\"elementor-divider-separator\">\n\t\t\t\t\t\t<\/span>\n\t\t<\/div>\n\t\t\t\t\t\t<\/div>\n\t\t\t\t<\/div>\n\t\t\t\t\t<\/div>\n\t\t\t\t<\/div>\n\t\t<div class=\"elementor-element elementor-element-fb20a9d e-flex e-con-boxed e-con e-parent\" data-id=\"fb20a9d\" data-element_type=\"container\" data-e-type=\"container\">\n\t\t\t\t\t<div class=\"e-con-inner\">\n\t\t<div class=\"elementor-element elementor-element-dc34c0e e-con-full e-flex e-con e-child\" data-id=\"dc34c0e\" data-element_type=\"container\" data-e-type=\"container\">\n\t\t\t\t<div class=\"elementor-element elementor-element-9a45af7 elementor-widget elementor-widget-text-editor\" data-id=\"9a45af7\" data-element_type=\"widget\" data-e-type=\"widget\" data-widget_type=\"text-editor.default\">\n\t\t\t\t<div class=\"elementor-widget-container\">\n\t\t\t\t\t\t\t\t\t<p><em>Images fuyantes (s\u00e9rie de 6) \/ 2021<\/em><\/p>\t\t\t\t\t\t\t\t<\/div>\n\t\t\t\t<\/div>\n\t\t\t\t<div class=\"elementor-element elementor-element-414dea0 elementor-widget elementor-widget-text-editor\" data-id=\"414dea0\" data-element_type=\"widget\" data-e-type=\"widget\" data-widget_type=\"text-editor.default\">\n\t\t\t\t<div class=\"elementor-widget-container\">\n\t\t\t\t\t\t\t\t\t<p>Red\u00e9ployer de nouveaux champs de vision en plongeant dans l\u2019espace num\u00e9rique, pour percer sa surface \u00e9tanche, circuler dans sa substance lact\u00e9e sans horizon, sans point de fuite. Exploser ce cadre pour donner \u00e0 voir un autre champ o\u00f9 l\u2019\u00e9quilibre du dessus-dessous serait renvers\u00e9.<\/p>\t\t\t\t\t\t\t\t<\/div>\n\t\t\t\t<\/div>\n\t\t\t\t<div class=\"elementor-element elementor-element-a49c1ef elementor-align-left elementor-widget elementor-widget-button\" data-id=\"a49c1ef\" data-element_type=\"widget\" data-e-type=\"widget\" data-widget_type=\"button.default\">\n\t\t\t\t<div class=\"elementor-widget-container\">\n\t\t\t\t\t\t\t\t\t<div class=\"elementor-button-wrapper\">\n\t\t\t\t\t<a class=\"elementor-button elementor-button-link elementor-size-sm\" href=\"https:\/\/sandrinesaiah.com\/index.php\/en\/2025\/05\/12\/p8-images-fuyantes\/\">\n\t\t\t\t\t\t<span class=\"elementor-button-content-wrapper\">\n\t\t\t\t\t\t\t\t\t<span class=\"elementor-button-text\">d\u00e9couvrir<\/span>\n\t\t\t\t\t<\/span>\n\t\t\t\t\t<\/a>\n\t\t\t\t<\/div>\n\t\t\t\t\t\t\t\t<\/div>\n\t\t\t\t<\/div>\n\t\t\t\t<\/div>\n\t\t\t\t<div class=\"elementor-element elementor-element-4e23d95 elementor-widget elementor-widget-image\" data-id=\"4e23d95\" data-element_type=\"widget\" data-e-type=\"widget\" data-widget_type=\"image.default\">\n\t\t\t\t<div class=\"elementor-widget-container\">\n\t\t\t\t\t\t\t\t\t\t\t\t<figure class=\"wp-caption\">\n\t\t\t\t\t\t\t\t\t\t\t<a href=\"https:\/\/sandrinesaiah.com\/index.php\/en\/2025\/05\/12\/p8-images-fuyantes\/\">\n\t\t\t\t\t\t\t<img fetchpriority=\"high\" decoding=\"async\" width=\"800\" height=\"450\" src=\"https:\/\/sandrinesaiah.com\/wp-content\/uploads\/2025\/04\/cemin-desordonee_labo-1024x576.jpg\" class=\"attachment-large size-large wp-image-481\" alt=\"\" srcset=\"https:\/\/sandrinesaiah.com\/wp-content\/uploads\/2025\/04\/cemin-desordonee_labo-1024x576.jpg 1024w, https:\/\/sandrinesaiah.com\/wp-content\/uploads\/2025\/04\/cemin-desordonee_labo-300x169.jpg 300w, https:\/\/sandrinesaiah.com\/wp-content\/uploads\/2025\/04\/cemin-desordonee_labo-768x432.jpg 768w, https:\/\/sandrinesaiah.com\/wp-content\/uploads\/2025\/04\/cemin-desordonee_labo-1536x864.jpg 1536w, https:\/\/sandrinesaiah.com\/wp-content\/uploads\/2025\/04\/cemin-desordonee_labo.jpg 2000w\" sizes=\"(max-width: 800px) 100vw, 800px\" \/>\t\t\t\t\t\t\t\t<\/a>\n\t\t\t\t\t\t\t\t\t\t\t<figcaption class=\"widget-image-caption wp-caption-text\"><\/figcaption>\n\t\t\t\t\t\t\t\t\t\t<\/figure>\n\t\t\t\t\t\t\t\t\t<\/div>\n\t\t\t\t<\/div>\n\t\t\t\t\t<\/div>\n\t\t\t\t<\/div>\n\t\t<div class=\"elementor-element elementor-element-f3fdd7d e-grid e-con-full e-con e-parent\" data-id=\"f3fdd7d\" data-element_type=\"container\" data-e-type=\"container\">\n\t\t\t\t<div class=\"elementor-element elementor-element-f820f26 elementor-widget-divider--view-line elementor-widget elementor-widget-divider\" data-id=\"f820f26\" data-element_type=\"widget\" data-e-type=\"widget\" data-widget_type=\"divider.default\">\n\t\t\t\t<div class=\"elementor-widget-container\">\n\t\t\t\t\t\t\t<div class=\"elementor-divider\">\n\t\t\t<span class=\"elementor-divider-separator\">\n\t\t\t\t\t\t<\/span>\n\t\t<\/div>\n\t\t\t\t\t\t<\/div>\n\t\t\t\t<\/div>\n\t\t\t\t<\/div>\n\t\t<div class=\"elementor-element elementor-element-005a3e5 e-grid e-con-boxed e-con e-parent\" data-id=\"005a3e5\" data-element_type=\"container\" data-e-type=\"container\">\n\t\t\t\t\t<div class=\"e-con-inner\">\n\t\t\t\t<div class=\"elementor-element elementor-element-8e3befd elementor-widget elementor-widget-heading\" data-id=\"8e3befd\" data-element_type=\"widget\" data-e-type=\"widget\" data-widget_type=\"heading.default\">\n\t\t\t\t<div class=\"elementor-widget-container\">\n\t\t\t\t\t<h2 class=\"elementor-heading-title elementor-size-default\"><a href=\"https:\/\/sandrinesaiah.com\/index.php\/periode-12-2025\/\">P\u00e9riode 12 \/ 2025<\/a><\/h2>\t\t\t\t<\/div>\n\t\t\t\t<\/div>\n\t\t\t\t<div class=\"elementor-element elementor-element-35e2e57 elementor-widget elementor-widget-heading\" data-id=\"35e2e57\" data-element_type=\"widget\" data-e-type=\"widget\" data-widget_type=\"heading.default\">\n\t\t\t\t<div class=\"elementor-widget-container\">\n\t\t\t\t\t<h2 class=\"elementor-heading-title elementor-size-default\"><a href=\"https:\/\/sandrinesaiah.com\/index.php\/periode-11-2024\/\">P\u00e9riode 11 \/ 2024<\/a><\/h2>\t\t\t\t<\/div>\n\t\t\t\t<\/div>\n\t\t\t\t<div class=\"elementor-element elementor-element-3b97770 elementor-widget elementor-widget-heading\" data-id=\"3b97770\" data-element_type=\"widget\" data-e-type=\"widget\" data-widget_type=\"heading.default\">\n\t\t\t\t<div class=\"elementor-widget-container\">\n\t\t\t\t\t<h2 class=\"elementor-heading-title elementor-size-default\"><a href=\"https:\/\/sandrinesaiah.com\/index.php\/periode-10-2023\/\">P\u00e9riode 10 \/ 2023<\/a><\/h2>\t\t\t\t<\/div>\n\t\t\t\t<\/div>\n\t\t\t\t<div class=\"elementor-element elementor-element-7db578e elementor-widget elementor-widget-heading\" data-id=\"7db578e\" data-element_type=\"widget\" data-e-type=\"widget\" data-widget_type=\"heading.default\">\n\t\t\t\t<div class=\"elementor-widget-container\">\n\t\t\t\t\t<h2 class=\"elementor-heading-title elementor-size-default\"><a href=\"https:\/\/sandrinesaiah.com\/index.php\/periode-9-2022\/\">P\u00e9riode 9 \/ 2022<\/a><\/h2>\t\t\t\t<\/div>\n\t\t\t\t<\/div>\n\t\t\t\t<div class=\"elementor-element elementor-element-67c2b44 elementor-widget elementor-widget-heading\" data-id=\"67c2b44\" data-element_type=\"widget\" data-e-type=\"widget\" data-widget_type=\"heading.default\">\n\t\t\t\t<div class=\"elementor-widget-container\">\n\t\t\t\t\t<h2 class=\"elementor-heading-title elementor-size-default\"><a href=\"https:\/\/sandrinesaiah.com\/index.php\/periode-8-2021\/\">P\u00e9riode 8 \/ 2021<\/a><\/h2>\t\t\t\t<\/div>\n\t\t\t\t<\/div>\n\t\t\t\t<div class=\"elementor-element elementor-element-d03ac39 elementor-widget elementor-widget-heading\" data-id=\"d03ac39\" data-element_type=\"widget\" data-e-type=\"widget\" data-widget_type=\"heading.default\">\n\t\t\t\t<div class=\"elementor-widget-container\">\n\t\t\t\t\t<h2 class=\"elementor-heading-title elementor-size-default\"><a href=\"https:\/\/sandrinesaiah.com\/index.php\/periode-7-2013-2020\/\">P\u00e9riode 7 \/ 2013-2020<\/a><\/h2>\t\t\t\t<\/div>\n\t\t\t\t<\/div>\n\t\t\t\t<div class=\"elementor-element elementor-element-3557a90 elementor-widget elementor-widget-heading\" data-id=\"3557a90\" data-element_type=\"widget\" data-e-type=\"widget\" data-widget_type=\"heading.default\">\n\t\t\t\t<div class=\"elementor-widget-container\">\n\t\t\t\t\t<h2 class=\"elementor-heading-title elementor-size-default\"><a href=\"https:\/\/sandrinesaiah.com\/index.php\/periodes-6-2015\/\">P\u00e9riode 6 \/ 2015<\/a><\/h2>\t\t\t\t<\/div>\n\t\t\t\t<\/div>\n\t\t\t\t<div class=\"elementor-element elementor-element-a7c3a08 elementor-widget elementor-widget-heading\" data-id=\"a7c3a08\" data-element_type=\"widget\" data-e-type=\"widget\" data-widget_type=\"heading.default\">\n\t\t\t\t<div class=\"elementor-widget-container\">\n\t\t\t\t\t<h2 class=\"elementor-heading-title elementor-size-default\"><a href=\"https:\/\/sandrinesaiah.com\/index.php\/periode-5-2009-2012\/\">P\u00e9riode 5 \/ 2009-2012<\/a><\/h2>\t\t\t\t<\/div>\n\t\t\t\t<\/div>\n\t\t\t\t<div class=\"elementor-element elementor-element-4bda31b elementor-widget elementor-widget-heading\" data-id=\"4bda31b\" data-element_type=\"widget\" data-e-type=\"widget\" data-widget_type=\"heading.default\">\n\t\t\t\t<div class=\"elementor-widget-container\">\n\t\t\t\t\t<h2 class=\"elementor-heading-title elementor-size-default\"><a href=\"https:\/\/sandrinesaiah.com\/index.php\/periodes-4-2008-2006\/\">P\u00e9riode 4 \/ 2008-2006<\/a><\/h2>\t\t\t\t<\/div>\n\t\t\t\t<\/div>\n\t\t\t\t<div class=\"elementor-element elementor-element-a444e29 elementor-widget elementor-widget-heading\" data-id=\"a444e29\" data-element_type=\"widget\" data-e-type=\"widget\" data-widget_type=\"heading.default\">\n\t\t\t\t<div class=\"elementor-widget-container\">\n\t\t\t\t\t<h2 class=\"elementor-heading-title elementor-size-default\"><a href=\"https:\/\/sandrinesaiah.com\/index.php\/periode-3-2004-2005\/\">P\u00e9riode 3 \/ 2004-2005<\/a><\/h2>\t\t\t\t<\/div>\n\t\t\t\t<\/div>\n\t\t\t\t<div class=\"elementor-element elementor-element-5c09fd6 elementor-widget elementor-widget-heading\" data-id=\"5c09fd6\" data-element_type=\"widget\" data-e-type=\"widget\" data-widget_type=\"heading.default\">\n\t\t\t\t<div class=\"elementor-widget-container\">\n\t\t\t\t\t<h2 class=\"elementor-heading-title elementor-size-default\"><a href=\"https:\/\/sandrinesaiah.com\/index.php\/periode-2-2001-2003\/\">P\u00e9riode 2 \/ 2001-2003<\/a><\/h2>\t\t\t\t<\/div>\n\t\t\t\t<\/div>\n\t\t\t\t<div class=\"elementor-element elementor-element-04d271f elementor-widget elementor-widget-heading\" data-id=\"04d271f\" data-element_type=\"widget\" data-e-type=\"widget\" data-widget_type=\"heading.default\">\n\t\t\t\t<div class=\"elementor-widget-container\">\n\t\t\t\t\t<h2 class=\"elementor-heading-title elementor-size-default\"><a href=\"https:\/\/sandrinesaiah.com\/index.php\/periode-1-1994-2000\/\">P\u00e9riode 1 \/ 1994-2000<\/a><\/h2>\t\t\t\t<\/div>\n\t\t\t\t<\/div>\n\t\t\t\t\t<\/div>\n\t\t\t\t<\/div>\n\t\t\t\t<\/div>\n\t\t","protected":false},"excerpt":{"rendered":"<p>P\u00e9riode 8 \/ 2021 Rupture En dehors des casques de r\u00e9alit\u00e9 virtuelle restituant la 3D, le contact avec l\u2019espace num\u00e9rique se fait a\u0300 travers un \u00e9cran plat qui \u00e9limine la profondeur, la distance, la perspective. Par ailleurs, la nomenclature des pages web reste identique depuis plus de 30 ans. Notre aperception du monde s\u2019est forg\u00e9e [&hellip;]<\/p>\n","protected":false},"author":1,"featured_media":0,"parent":0,"menu_order":0,"comment_status":"closed","ping_status":"closed","template":"elementor_header_footer","meta":{"footnotes":""},"class_list":["post-475","page","type-page","status-publish","hentry"],"_links":{"self":[{"href":"https:\/\/sandrinesaiah.com\/index.php\/wp-json\/wp\/v2\/pages\/475","targetHints":{"allow":["GET"]}}],"collection":[{"href":"https:\/\/sandrinesaiah.com\/index.php\/wp-json\/wp\/v2\/pages"}],"about":[{"href":"https:\/\/sandrinesaiah.com\/index.php\/wp-json\/wp\/v2\/types\/page"}],"author":[{"embeddable":true,"href":"https:\/\/sandrinesaiah.com\/index.php\/wp-json\/wp\/v2\/users\/1"}],"replies":[{"embeddable":true,"href":"https:\/\/sandrinesaiah.com\/index.php\/wp-json\/wp\/v2\/comments?post=475"}],"version-history":[{"count":22,"href":"https:\/\/sandrinesaiah.com\/index.php\/wp-json\/wp\/v2\/pages\/475\/revisions"}],"predecessor-version":[{"id":1861,"href":"https:\/\/sandrinesaiah.com\/index.php\/wp-json\/wp\/v2\/pages\/475\/revisions\/1861"}],"wp:attachment":[{"href":"https:\/\/sandrinesaiah.com\/index.php\/wp-json\/wp\/v2\/media?parent=475"}],"curies":[{"name":"wp","href":"https:\/\/api.w.org\/{rel}","templated":true}]}}